{"id":1608,"date":"2023-06-16T06:14:11","date_gmt":"2023-06-16T06:14:11","guid":{"rendered":"https:\/\/www.iterculture.com\/fr\/?page_id=1608"},"modified":"2023-06-16T06:21:31","modified_gmt":"2023-06-16T06:21:31","slug":"eure-2","status":"publish","type":"page","link":"https:\/\/www.iterculture.com\/fr\/eure-2\/","title":{"rendered":"Eure"},"content":{"rendered":"\n<div class=\"wp-block-cover\"><span aria-hidden=\"true\" class=\"wp-block-cover__background has-background-dim\"><\/span><img decoding=\"async\" loading=\"lazy\" width=\"2560\" height=\"1707\" class=\"wp-block-cover__image-background wp-image-1612\" alt=\"\" src=\"https:\/\/www.iterculture.com\/fr\/wp-content\/uploads\/2023\/06\/49654566528_9e1d89c6a4_6k-1-scaled.jpg\" data-object-fit=\"cover\" srcset=\"https:\/\/www.iterculture.com\/fr\/wp-content\/uploads\/2023\/06\/49654566528_9e1d89c6a4_6k-1-scaled.jpg 2560w, https:\/\/www.iterculture.com\/fr\/wp-content\/uploads\/2023\/06\/49654566528_9e1d89c6a4_6k-1-300x200.jpg 300w, https:\/\/www.iterculture.com\/fr\/wp-content\/uploads\/2023\/06\/49654566528_9e1d89c6a4_6k-1-1024x683.jpg 1024w, https:\/\/www.iterculture.com\/fr\/wp-content\/uploads\/2023\/06\/49654566528_9e1d89c6a4_6k-1-768x512.jpg 768w, https:\/\/www.iterculture.com\/fr\/wp-content\/uploads\/2023\/06\/49654566528_9e1d89c6a4_6k-1-1536x1024.jpg 1536w, https:\/\/www.iterculture.com\/fr\/wp-content\/uploads\/2023\/06\/49654566528_9e1d89c6a4_6k-1-2048x1365.jpg 2048w\" sizes=\"(max-width: 2560px) 100vw, 2560px\" \/><div class=\"wp-block-cover__inner-container\">\n<p class=\"has-text-align-center has-large-font-size\">L&rsquo;Eure<\/p>\n<\/div><\/div>\n\n\n\n<p><strong>Bienvenue dans l&rsquo;Eure<\/strong><\/p>\n\n\n\n<p><strong>L&rsquo;Eure c&rsquo;est d\u00e9j\u00e0 la Normandie, une Normandie bienveillante, accueillante, forte d\u2019un patrimoine naturel et historique exceptionnel.&nbsp;Entre fleuve et rivi\u00e8res, entre Paris et la mer, entre Giverny et Lyons-la-For\u00eat, l&rsquo;Eure est ce petit coin de nature o\u00f9 il fait bon l\u00e2cher prise et s\u2019\u00e9vader.<\/strong><\/p>\n\n\n<style>.kb-row-layout-id_91d05d-e8 > .kt-row-column-wrap{align-content:start;}:where(.kb-row-layout-id_91d05d-e8 > .kt-row-column-wrap) > .wp-block-kadence-column{justify-content:start;}.kb-row-layout-id_91d05d-e8 > .kt-row-column-wrap{column-gap:var(--global-kb-gap-md, 2rem);row-gap:var(--global-kb-gap-md, 2rem);padding-top:var(--global-kb-spacing-sm, 1.5rem);padding-bottom:var(--global-kb-spacing-sm, 1.5rem);grid-template-columns:repeat(2, minmax(0, 1fr));}.kb-row-layout-id_91d05d-e8 > .kt-row-layout-overlay{opacity:0.30;}@media all and (max-width: 1024px){.kb-row-layout-id_91d05d-e8 > .kt-row-column-wrap{grid-template-columns:repeat(2, minmax(0, 1fr));}}@media all and (max-width: 767px){.kb-row-layout-id_91d05d-e8 > .kt-row-column-wrap{grid-template-columns:minmax(0, 1fr);}}<\/style><div class=\"kb-row-layout-wrap kb-row-layout-id_91d05d-e8 alignnone wp-block-kadence-rowlayout\"><div class=\"kt-row-column-wrap kt-has-2-columns kt-row-layout-equal kt-tab-layout-inherit kt-mobile-layout-row kt-row-valign-top\">\n<style>.kadence-column_6195d9-26 > .kt-inside-inner-col,.kadence-column_6195d9-26 > .kt-inside-inner-col:before{border-top-left-radius:0px;border-top-right-radius:0px;border-bottom-right-radius:0px;border-bottom-left-radius:0px;}.kadence-column_6195d9-26 > .kt-inside-inner-col:before{opacity:0.3;}.kadence-column_6195d9-26{position:relative;}<\/style>\n<div class=\"wp-block-kadence-column kadence-column_6195d9-26\"><div class=\"kt-inside-inner-col\"><style>.wp-block-kadence-advancedheading.kt-adv-heading_dcec5e-76, .wp-block-kadence-advancedheading.kt-adv-heading_dcec5e-76[data-kb-block=\"kb-adv-heading_dcec5e-76\"]{display:block;text-align:center;font-style:normal;}.wp-block-kadence-advancedheading.kt-adv-heading_dcec5e-76 mark, .wp-block-kadence-advancedheading.kt-adv-heading_dcec5e-76[data-kb-block=\"kb-adv-heading_dcec5e-76\"] mark{font-style:normal;color:#f76a0c;padding-top:0px;padding-right:0px;padding-bottom:0px;padding-left:0px;}<\/style>\n<span class=\"kt-adv-heading_dcec5e-76 wp-block-kadence-advancedheading\" data-kb-block=\"kb-adv-heading_dcec5e-76\">Pour en profiter plus encore, le D\u00e9partement de l&rsquo;Eure s&rsquo;investit pleinement dans une politique culturelle innovante, originale et de qualit\u00e9. \u00c0 la recherche de l&rsquo;excellence et de l\u2019\u00e9clectisme, il soutient festivals, associations et structures culturelles qui, par leurs actions, dynamisent son territoire et permettent \u00e0 tous un acc\u00e8s \u00e0 une offre exceptionnelle tout au long de l\u2019ann\u00e9e.<\/span>\n<\/div><\/div>\n\n\n<style>.kadence-column_66fb64-67 > .kt-inside-inner-col,.kadence-column_66fb64-67 > .kt-inside-inner-col:before{border-top-left-radius:0px;border-top-right-radius:0px;border-bottom-right-radius:0px;border-bottom-left-radius:0px;}.kadence-column_66fb64-67 > .kt-inside-inner-col:before{opacity:0.3;}.kadence-column_66fb64-67{position:relative;}<\/style>\n<div class=\"wp-block-kadence-column kadence-column_66fb64-67\"><div class=\"kt-inside-inner-col\">\n<figure class=\"wp-block-image size-medium\"><img decoding=\"async\" loading=\"lazy\" width=\"300\" height=\"200\" src=\"https:\/\/www.iterculture.com\/fr\/wp-content\/uploads\/2023\/06\/52970564132_987ea6bb28_k-300x200.jpg\" alt=\"\" class=\"wp-image-1613\" srcset=\"https:\/\/www.iterculture.com\/fr\/wp-content\/uploads\/2023\/06\/52970564132_987ea6bb28_k-300x200.jpg 300w, https:\/\/www.iterculture.com\/fr\/wp-content\/uploads\/2023\/06\/52970564132_987ea6bb28_k-768x512.jpg 768w, https:\/\/www.iterculture.com\/fr\/wp-content\/uploads\/2023\/06\/52970564132_987ea6bb28_k.jpg 1024w\" sizes=\"(max-width: 300px) 100vw, 300px\" \/><\/figure>\n<\/div><\/div>\n\n<\/div><\/div>\n\n\n<p>Propri\u00e9taire de sites patrimoniaux remarquables tels que <a href=\"https:\/\/www.harcourt-normandie.fr\/\">le domaine d&rsquo;Harcourt<\/a>, <a href=\"https:\/\/filaturelevavasseur.fr\/\">la filature Levavasseur<\/a>, <a href=\"https:\/\/www.gisacum-normandie.fr\/journees-europeennes-de-larcheologie-3\/\">le site arch\u00e9ologique de Gisacum<\/a> et tr\u00e8s r\u00e9cemment la Maison de Pierre Bonnard \u00e0 Vernon, l&rsquo;Eure c\u00e9l\u00e8bre l&rsquo;art, l&rsquo;architecture et l&rsquo;histoire sous toutes ses formes.<\/p>\n\n\n\n<figure class=\"wp-block-image size-large\"><img decoding=\"async\" loading=\"lazy\" width=\"1024\" height=\"682\" src=\"https:\/\/www.iterculture.com\/fr\/wp-content\/uploads\/2023\/06\/52864603606_29e04a0b24_h-1024x682.jpg\" alt=\"\" class=\"wp-image-1614\" srcset=\"https:\/\/www.iterculture.com\/fr\/wp-content\/uploads\/2023\/06\/52864603606_29e04a0b24_h-1024x682.jpg 1024w, https:\/\/www.iterculture.com\/fr\/wp-content\/uploads\/2023\/06\/52864603606_29e04a0b24_h-300x200.jpg 300w, https:\/\/www.iterculture.com\/fr\/wp-content\/uploads\/2023\/06\/52864603606_29e04a0b24_h-768x512.jpg 768w, https:\/\/www.iterculture.com\/fr\/wp-content\/uploads\/2023\/06\/52864603606_29e04a0b24_h-1536x1023.jpg 1536w, https:\/\/www.iterculture.com\/fr\/wp-content\/uploads\/2023\/06\/52864603606_29e04a0b24_h.jpg 1600w\" sizes=\"(max-width: 1024px) 100vw, 1024px\" \/><\/figure>\n\n\n\n<p>Temps fort de la programmation culturelle du d\u00e9partement, les journ\u00e9es europ\u00e9ennes du patrimoine, \u00e0 la mode euroise, se r\u00e9inventent en proposant l&rsquo;intervention d&rsquo;artistes contemporains internationaux sur des p\u00e9pites patrimoniales \u00e0 d\u00e9couvrir.<\/p>\n\n\n\n<p>Plus d&rsquo;infos sur <a href=\"https:\/\/eureennormandie.fr\/\">eureennormandie.fr<\/a> et pour d\u00e9couvrir des p\u00e9pites m\u00e9connues et pr\u00e9parer votre venue dans l\u2019Eure <a href=\"https:\/\/www.eureka-attractivite.fr\/\">eureka-attractivite.fr<\/a><\/p>\n","protected":false},"excerpt":{"rendered":"<p>Bienvenue dans l&rsquo;Eure L&rsquo;Eure c&rsquo;est d\u00e9j\u00e0 la Normandie, une Normandie bienveillante, accueillante, forte d\u2019un patrimoine naturel et historique exceptionnel.&nbsp;Entre fleuve et rivi\u00e8res, entre Paris et la mer, entre Giverny et Lyons-la-For\u00eat, l&rsquo;Eure est ce petit coin de nature o\u00f9 il fait bon l\u00e2cher prise et s\u2019\u00e9vader. Pour en profiter plus encore, le D\u00e9partement de l&rsquo;Eure&#8230;<\/p>\n","protected":false},"author":1,"featured_media":0,"parent":0,"menu_order":0,"comment_status":"closed","ping_status":"closed","template":"","meta":{"_kadence_starter_templates_imported_post":false,"_kad_post_transparent":"","_kad_post_title":"","_kad_post_layout":"","_kad_post_sidebar_id":"","_kad_post_content_style":"","_kad_post_vertical_padding":"","_kad_post_feature":"","_kad_post_feature_position":"","_kad_post_header":false,"_kad_post_footer":false},"yoast_head":"<!-- This site is optimized with the Yoast SEO plugin v20.10 - https:\/\/yoast.com\/wordpress\/plugins\/seo\/ -->\n<title>Eure - Iterculture.com<\/title>\n<meta name=\"robots\" content=\"index, follow, max-snippet:-1, max-image-preview:large, max-video-preview:-1\" \/>\n<link rel=\"canonical\" href=\"https:\/\/www.iterculture.com\/fr\/eure-2\/\" \/>\n<meta property=\"og:locale\" content=\"fr_FR\" \/>\n<meta property=\"og:type\" content=\"article\" \/>\n<meta property=\"og:title\" content=\"Eure - Iterculture.com\" \/>\n<meta property=\"og:description\" content=\"Bienvenue dans l&rsquo;Eure L&rsquo;Eure c&rsquo;est d\u00e9j\u00e0 la Normandie, une Normandie bienveillante, accueillante, forte d\u2019un patrimoine naturel et historique exceptionnel.&nbsp;Entre fleuve et rivi\u00e8res, entre Paris et la mer, entre Giverny et Lyons-la-For\u00eat, l&rsquo;Eure est ce petit coin de nature o\u00f9 il fait bon l\u00e2cher prise et s\u2019\u00e9vader. Pour en profiter plus encore, le D\u00e9partement de l&rsquo;Eure...\" \/>\n<meta property=\"og:url\" content=\"https:\/\/www.iterculture.com\/fr\/eure-2\/\" \/>\n<meta property=\"og:site_name\" content=\"Iterculture.com\" \/>\n<meta property=\"article:modified_time\" content=\"2023-06-16T06:21:31+00:00\" \/>\n<meta property=\"og:image\" content=\"https:\/\/www.iterculture.com\/fr\/wp-content\/uploads\/2023\/06\/49654566528_9e1d89c6a4_6k-1-scaled.jpg\" \/>\n<meta name=\"twitter:card\" content=\"summary_large_image\" \/>\n<meta name=\"twitter:label1\" content=\"Dur\u00e9e de lecture estim\u00e9e\" \/>\n\t<meta name=\"twitter:data1\" content=\"1 minute\" \/>\n<script type=\"application\/ld+json\" class=\"yoast-schema-graph\">{\"@context\":\"https:\/\/schema.org\",\"@graph\":[{\"@type\":\"WebPage\",\"@id\":\"https:\/\/www.iterculture.com\/fr\/eure-2\/\",\"url\":\"https:\/\/www.iterculture.com\/fr\/eure-2\/\",\"name\":\"Eure - Iterculture.com\",\"isPartOf\":{\"@id\":\"https:\/\/www.iterculture.com\/fr\/#website\"},\"datePublished\":\"2023-06-16T06:14:11+00:00\",\"dateModified\":\"2023-06-16T06:21:31+00:00\",\"breadcrumb\":{\"@id\":\"https:\/\/www.iterculture.com\/fr\/eure-2\/#breadcrumb\"},\"inLanguage\":\"fr-FR\",\"potentialAction\":[{\"@type\":\"ReadAction\",\"target\":[\"https:\/\/www.iterculture.com\/fr\/eure-2\/\"]}]},{\"@type\":\"BreadcrumbList\",\"@id\":\"https:\/\/www.iterculture.com\/fr\/eure-2\/#breadcrumb\",\"itemListElement\":[{\"@type\":\"ListItem\",\"position\":1,\"name\":\"Accueil\",\"item\":\"https:\/\/www.iterculture.com\/fr\/\"},{\"@type\":\"ListItem\",\"position\":2,\"name\":\"Eure\"}]},{\"@type\":\"WebSite\",\"@id\":\"https:\/\/www.iterculture.com\/fr\/#website\",\"url\":\"https:\/\/www.iterculture.com\/fr\/\",\"name\":\"Iterculture.com\",\"description\":\"Un festival de musique classique et n\u00e9oclassique en for\u00eat\",\"publisher\":{\"@id\":\"https:\/\/www.iterculture.com\/fr\/#organization\"},\"potentialAction\":[{\"@type\":\"SearchAction\",\"target\":{\"@type\":\"EntryPoint\",\"urlTemplate\":\"https:\/\/www.iterculture.com\/fr\/?s={search_term_string}\"},\"query-input\":\"required name=search_term_string\"}],\"inLanguage\":\"fr-FR\"},{\"@type\":\"Organization\",\"@id\":\"https:\/\/www.iterculture.com\/fr\/#organization\",\"name\":\"Iterculture.com\",\"url\":\"https:\/\/www.iterculture.com\/fr\/\",\"logo\":{\"@type\":\"ImageObject\",\"inLanguage\":\"fr-FR\",\"@id\":\"https:\/\/www.iterculture.com\/fr\/#\/schema\/logo\/image\/\",\"url\":\"https:\/\/www.iterculture.com\/fr\/wp-content\/uploads\/2025\/05\/cropped-Capture_d_ecran_2025-05-13_142717-removebg-preview-1.png\",\"contentUrl\":\"https:\/\/www.iterculture.com\/fr\/wp-content\/uploads\/2025\/05\/cropped-Capture_d_ecran_2025-05-13_142717-removebg-preview-1.png\",\"width\":757,\"height\":319,\"caption\":\"Iterculture.com\"},\"image\":{\"@id\":\"https:\/\/www.iterculture.com\/fr\/#\/schema\/logo\/image\/\"}}]}<\/script>\n<!-- \/ Yoast SEO plugin. -->","yoast_head_json":{"title":"Eure - Iterculture.com","robots":{"index":"index","follow":"follow","max-snippet":"max-snippet:-1","max-image-preview":"max-image-preview:large","max-video-preview":"max-video-preview:-1"},"canonical":"https:\/\/www.iterculture.com\/fr\/eure-2\/","og_locale":"fr_FR","og_type":"article","og_title":"Eure - Iterculture.com","og_description":"Bienvenue dans l&rsquo;Eure L&rsquo;Eure c&rsquo;est d\u00e9j\u00e0 la Normandie, une Normandie bienveillante, accueillante, forte d\u2019un patrimoine naturel et historique exceptionnel.&nbsp;Entre fleuve et rivi\u00e8res, entre Paris et la mer, entre Giverny et Lyons-la-For\u00eat, l&rsquo;Eure est ce petit coin de nature o\u00f9 il fait bon l\u00e2cher prise et s\u2019\u00e9vader. Pour en profiter plus encore, le D\u00e9partement de l&rsquo;Eure...","og_url":"https:\/\/www.iterculture.com\/fr\/eure-2\/","og_site_name":"Iterculture.com","article_modified_time":"2023-06-16T06:21:31+00:00","og_image":[{"url":"https:\/\/www.iterculture.com\/fr\/wp-content\/uploads\/2023\/06\/49654566528_9e1d89c6a4_6k-1-scaled.jpg"}],"twitter_card":"summary_large_image","twitter_misc":{"Dur\u00e9e de lecture estim\u00e9e":"1 minute"},"schema":{"@context":"https:\/\/schema.org","@graph":[{"@type":"WebPage","@id":"https:\/\/www.iterculture.com\/fr\/eure-2\/","url":"https:\/\/www.iterculture.com\/fr\/eure-2\/","name":"Eure - Iterculture.com","isPartOf":{"@id":"https:\/\/www.iterculture.com\/fr\/#website"},"datePublished":"2023-06-16T06:14:11+00:00","dateModified":"2023-06-16T06:21:31+00:00","breadcrumb":{"@id":"https:\/\/www.iterculture.com\/fr\/eure-2\/#breadcrumb"},"inLanguage":"fr-FR","potentialAction":[{"@type":"ReadAction","target":["https:\/\/www.iterculture.com\/fr\/eure-2\/"]}]},{"@type":"BreadcrumbList","@id":"https:\/\/www.iterculture.com\/fr\/eure-2\/#breadcrumb","itemListElement":[{"@type":"ListItem","position":1,"name":"Accueil","item":"https:\/\/www.iterculture.com\/fr\/"},{"@type":"ListItem","position":2,"name":"Eure"}]},{"@type":"WebSite","@id":"https:\/\/www.iterculture.com\/fr\/#website","url":"https:\/\/www.iterculture.com\/fr\/","name":"Iterculture.com","description":"Un festival de musique classique et n\u00e9oclassique en for\u00eat","publisher":{"@id":"https:\/\/www.iterculture.com\/fr\/#organization"},"potentialAction":[{"@type":"SearchAction","target":{"@type":"EntryPoint","urlTemplate":"https:\/\/www.iterculture.com\/fr\/?s={search_term_string}"},"query-input":"required name=search_term_string"}],"inLanguage":"fr-FR"},{"@type":"Organization","@id":"https:\/\/www.iterculture.com\/fr\/#organization","name":"Iterculture.com","url":"https:\/\/www.iterculture.com\/fr\/","logo":{"@type":"ImageObject","inLanguage":"fr-FR","@id":"https:\/\/www.iterculture.com\/fr\/#\/schema\/logo\/image\/","url":"https:\/\/www.iterculture.com\/fr\/wp-content\/uploads\/2025\/05\/cropped-Capture_d_ecran_2025-05-13_142717-removebg-preview-1.png","contentUrl":"https:\/\/www.iterculture.com\/fr\/wp-content\/uploads\/2025\/05\/cropped-Capture_d_ecran_2025-05-13_142717-removebg-preview-1.png","width":757,"height":319,"caption":"Iterculture.com"},"image":{"@id":"https:\/\/www.iterculture.com\/fr\/#\/schema\/logo\/image\/"}}]}},"_links":{"self":[{"href":"https:\/\/www.iterculture.com\/fr\/wp-json\/wp\/v2\/pages\/1608"}],"collection":[{"href":"https:\/\/www.iterculture.com\/fr\/wp-json\/wp\/v2\/pages"}],"about":[{"href":"https:\/\/www.iterculture.com\/fr\/wp-json\/wp\/v2\/types\/page"}],"author":[{"embeddable":true,"href":"https:\/\/www.iterculture.com\/fr\/wp-json\/wp\/v2\/users\/1"}],"replies":[{"embeddable":true,"href":"https:\/\/www.iterculture.com\/fr\/wp-json\/wp\/v2\/comments?post=1608"}],"version-history":[{"count":2,"href":"https:\/\/www.iterculture.com\/fr\/wp-json\/wp\/v2\/pages\/1608\/revisions"}],"predecessor-version":[{"id":1615,"href":"https:\/\/www.iterculture.com\/fr\/wp-json\/wp\/v2\/pages\/1608\/revisions\/1615"}],"wp:attachment":[{"href":"https:\/\/www.iterculture.com\/fr\/wp-json\/wp\/v2\/media?parent=1608"}],"curies":[{"name":"wp","href":"https:\/\/api.w.org\/{rel}","templated":true}]}}