{"id":1755,"date":"2025-05-20T07:19:07","date_gmt":"2025-05-20T07:19:07","guid":{"rendered":"https:\/\/www.iterculture.com\/fr\/?page_id=1755"},"modified":"2025-05-20T07:19:08","modified_gmt":"2025-05-20T07:19:08","slug":"lorchestre-de-lopera-de-rouen-normandie","status":"publish","type":"page","link":"https:\/\/www.iterculture.com\/fr\/lorchestre-de-lopera-de-rouen-normandie\/","title":{"rendered":"L&rsquo;Orchestre de l&rsquo;op\u00e9ra de Rouen Normandie"},"content":{"rendered":"\n<figure class=\"wp-block-image size-large\"><img decoding=\"async\" loading=\"lazy\" width=\"1024\" height=\"405\" src=\"https:\/\/www.iterculture.com\/fr\/wp-content\/uploads\/2025\/05\/57535Orchestre-de-l-Opera-de-Rouen-Normandie-by-Caroline-Doutre-1024x405.jpg\" alt=\"\" class=\"wp-image-1756\" srcset=\"https:\/\/www.iterculture.com\/fr\/wp-content\/uploads\/2025\/05\/57535Orchestre-de-l-Opera-de-Rouen-Normandie-by-Caroline-Doutre-1024x405.jpg 1024w, https:\/\/www.iterculture.com\/fr\/wp-content\/uploads\/2025\/05\/57535Orchestre-de-l-Opera-de-Rouen-Normandie-by-Caroline-Doutre-300x119.jpg 300w, https:\/\/www.iterculture.com\/fr\/wp-content\/uploads\/2025\/05\/57535Orchestre-de-l-Opera-de-Rouen-Normandie-by-Caroline-Doutre-768x304.jpg 768w, https:\/\/www.iterculture.com\/fr\/wp-content\/uploads\/2025\/05\/57535Orchestre-de-l-Opera-de-Rouen-Normandie-by-Caroline-Doutre-1536x607.jpg 1536w, https:\/\/www.iterculture.com\/fr\/wp-content\/uploads\/2025\/05\/57535Orchestre-de-l-Opera-de-Rouen-Normandie-by-Caroline-Doutre.jpg 1920w\" sizes=\"(max-width: 1024px) 100vw, 1024px\" \/><\/figure>\n\n\n\n<p>Depuis le 1er septembre 2024, l&rsquo;Orchestre National de Normandie et l&rsquo;Orchestre de l&rsquo;Op\u00e9ra de Rouen Normandie ne font plus qu&rsquo;un. Cette fusion donne naissance \u00e0 une exceptionnelle de formation de 58 musiciens anim\u00e9s par une passion commune : faire rayonner tous les r\u00e9pertoires musicaux sur l&rsquo;ensemble du territoire normand &#8211; et au-del\u00e0.<\/p>\n\n\n\n<p>Install\u00e9 \u00e0 Rouen et en r\u00e9sidence \u00e0 Mondeville, l&rsquo;Orchestre d\u00e9veloppe une activit\u00e9 d&rsquo;une rare intensit\u00e9 avec plus d&rsquo;une centaine de concerts par an : de Giverny \u00e0 Cherbourg, Dieppe ou Granville, mais aussi dans les plus grandes salles nationales &#8211; \u00e0 commencer par la Philharmonie de Paris, le Th\u00e9\u00e2tre des Champs-Elys\u00e9es, l&rsquo;Op\u00e9ra comique &#8211; et internationales, de New-York \u00e0 Mascate en passant par Bruxelles et La Havane.<\/p>\n\n\n\n<p>Sous la direction musicale de Ben Glassberg, prodige britannique couronn\u00e9 \u00e0 24 ans au prestigieux concours de Besan\u00e7on, l&rsquo;Orchestre cultive une exigence artistique de chaque instant, qu&rsquo;il se produise en grande formation, en ensemble de chambre ou en solistes. A ses c\u00f4t\u00e9s, des chefs invit\u00e9s de renom tels que Laurece Equilbey, Emolia Hoving ou encore Keren Kagarlitsky viennent enrichir la saison.<\/p>\n\n\n\n<p>Du baroque au contemporain, l&rsquo;Orchestre d\u00e9fend une lecture historiquement inform\u00e9e des partitions anciennes &#8211; cordes en boyau, cuivres naturels, timbales d&rsquo;\u00e9poque &#8211; tout en se montrant pleinement engag\u00e9 aupr\u00e8s des compositeurs d&rsquo;aujourd&rsquo;hui et de la cr\u00e9ation.<\/p>\n\n\n\n<p>Port\u00e9 par une mission forte de service public, l\u2019Orchestre s\u2019investit \u00e9galement dans de nombreuses actions de m\u00e9diation, telles que des interventions en milieu scolaire, hospitalier ou carc\u00e9ral ou encore dispositifs pour publics en situation de handicap. Il incarne ainsi une id\u00e9e g\u00e9n\u00e9reuse de la musique, ouverte \u00e0 tous, et profond\u00e9ment ancr\u00e9e dans son \u00e9poque.<\/p>\n","protected":false},"excerpt":{"rendered":"<p>Depuis le 1er septembre 2024, l&rsquo;Orchestre National de Normandie et l&rsquo;Orchestre de l&rsquo;Op\u00e9ra de Rouen Normandie ne font plus qu&rsquo;un. Cette fusion donne naissance \u00e0 une exceptionnelle de formation de 58 musiciens anim\u00e9s par une passion commune : faire rayonner tous les r\u00e9pertoires musicaux sur l&rsquo;ensemble du territoire normand &#8211; et au-del\u00e0. Install\u00e9 \u00e0 Rouen&#8230;<\/p>\n","protected":false},"author":6,"featured_media":0,"parent":0,"menu_order":0,"comment_status":"closed","ping_status":"closed","template":"","meta":{"_kadence_starter_templates_imported_post":false,"_kad_post_transparent":"","_kad_post_title":"","_kad_post_layout":"","_kad_post_sidebar_id":"","_kad_post_content_style":"","_kad_post_vertical_padding":"","_kad_post_feature":"","_kad_post_feature_position":"","_kad_post_header":false,"_kad_post_footer":false},"yoast_head":"<!-- This site is optimized with the Yoast SEO plugin v20.10 - https:\/\/yoast.com\/wordpress\/plugins\/seo\/ -->\n<title>L&#039;Orchestre de l&#039;op\u00e9ra de Rouen Normandie - Iterculture.com<\/title>\n<meta name=\"robots\" content=\"index, follow, max-snippet:-1, max-image-preview:large, max-video-preview:-1\" \/>\n<link rel=\"canonical\" href=\"https:\/\/www.iterculture.com\/fr\/lorchestre-de-lopera-de-rouen-normandie\/\" \/>\n<meta property=\"og:locale\" content=\"fr_FR\" \/>\n<meta property=\"og:type\" content=\"article\" \/>\n<meta property=\"og:title\" content=\"L&#039;Orchestre de l&#039;op\u00e9ra de Rouen Normandie - Iterculture.com\" \/>\n<meta property=\"og:description\" content=\"Depuis le 1er septembre 2024, l&rsquo;Orchestre National de Normandie et l&rsquo;Orchestre de l&rsquo;Op\u00e9ra de Rouen Normandie ne font plus qu&rsquo;un. Cette fusion donne naissance \u00e0 une exceptionnelle de formation de 58 musiciens anim\u00e9s par une passion commune : faire rayonner tous les r\u00e9pertoires musicaux sur l&rsquo;ensemble du territoire normand &#8211; et au-del\u00e0. Install\u00e9 \u00e0 Rouen...\" \/>\n<meta property=\"og:url\" content=\"https:\/\/www.iterculture.com\/fr\/lorchestre-de-lopera-de-rouen-normandie\/\" \/>\n<meta property=\"og:site_name\" content=\"Iterculture.com\" \/>\n<meta property=\"article:modified_time\" content=\"2025-05-20T07:19:08+00:00\" \/>\n<meta property=\"og:image\" content=\"https:\/\/www.iterculture.com\/fr\/wp-content\/uploads\/2025\/05\/57535Orchestre-de-l-Opera-de-Rouen-Normandie-by-Caroline-Doutre-1024x405.jpg\" \/>\n<meta name=\"twitter:card\" content=\"summary_large_image\" \/>\n<meta name=\"twitter:label1\" content=\"Dur\u00e9e de lecture estim\u00e9e\" \/>\n\t<meta name=\"twitter:data1\" content=\"2 minutes\" \/>\n<script type=\"application\/ld+json\" class=\"yoast-schema-graph\">{\"@context\":\"https:\/\/schema.org\",\"@graph\":[{\"@type\":\"WebPage\",\"@id\":\"https:\/\/www.iterculture.com\/fr\/lorchestre-de-lopera-de-rouen-normandie\/\",\"url\":\"https:\/\/www.iterculture.com\/fr\/lorchestre-de-lopera-de-rouen-normandie\/\",\"name\":\"L'Orchestre de l'op\u00e9ra de Rouen Normandie - Iterculture.com\",\"isPartOf\":{\"@id\":\"https:\/\/www.iterculture.com\/fr\/#website\"},\"datePublished\":\"2025-05-20T07:19:07+00:00\",\"dateModified\":\"2025-05-20T07:19:08+00:00\",\"breadcrumb\":{\"@id\":\"https:\/\/www.iterculture.com\/fr\/lorchestre-de-lopera-de-rouen-normandie\/#breadcrumb\"},\"inLanguage\":\"fr-FR\",\"potentialAction\":[{\"@type\":\"ReadAction\",\"target\":[\"https:\/\/www.iterculture.com\/fr\/lorchestre-de-lopera-de-rouen-normandie\/\"]}]},{\"@type\":\"BreadcrumbList\",\"@id\":\"https:\/\/www.iterculture.com\/fr\/lorchestre-de-lopera-de-rouen-normandie\/#breadcrumb\",\"itemListElement\":[{\"@type\":\"ListItem\",\"position\":1,\"name\":\"Accueil\",\"item\":\"https:\/\/www.iterculture.com\/fr\/\"},{\"@type\":\"ListItem\",\"position\":2,\"name\":\"L&rsquo;Orchestre de l&rsquo;op\u00e9ra de Rouen Normandie\"}]},{\"@type\":\"WebSite\",\"@id\":\"https:\/\/www.iterculture.com\/fr\/#website\",\"url\":\"https:\/\/www.iterculture.com\/fr\/\",\"name\":\"Iterculture.com\",\"description\":\"Un festival de musique classique et n\u00e9oclassique en for\u00eat\",\"publisher\":{\"@id\":\"https:\/\/www.iterculture.com\/fr\/#organization\"},\"potentialAction\":[{\"@type\":\"SearchAction\",\"target\":{\"@type\":\"EntryPoint\",\"urlTemplate\":\"https:\/\/www.iterculture.com\/fr\/?s={search_term_string}\"},\"query-input\":\"required name=search_term_string\"}],\"inLanguage\":\"fr-FR\"},{\"@type\":\"Organization\",\"@id\":\"https:\/\/www.iterculture.com\/fr\/#organization\",\"name\":\"Iterculture.com\",\"url\":\"https:\/\/www.iterculture.com\/fr\/\",\"logo\":{\"@type\":\"ImageObject\",\"inLanguage\":\"fr-FR\",\"@id\":\"https:\/\/www.iterculture.com\/fr\/#\/schema\/logo\/image\/\",\"url\":\"https:\/\/www.iterculture.com\/fr\/wp-content\/uploads\/2025\/05\/cropped-Capture_d_ecran_2025-05-13_142717-removebg-preview-1.png\",\"contentUrl\":\"https:\/\/www.iterculture.com\/fr\/wp-content\/uploads\/2025\/05\/cropped-Capture_d_ecran_2025-05-13_142717-removebg-preview-1.png\",\"width\":757,\"height\":319,\"caption\":\"Iterculture.com\"},\"image\":{\"@id\":\"https:\/\/www.iterculture.com\/fr\/#\/schema\/logo\/image\/\"}}]}<\/script>\n<!-- \/ Yoast SEO plugin. -->","yoast_head_json":{"title":"L'Orchestre de l'op\u00e9ra de Rouen Normandie - Iterculture.com","robots":{"index":"index","follow":"follow","max-snippet":"max-snippet:-1","max-image-preview":"max-image-preview:large","max-video-preview":"max-video-preview:-1"},"canonical":"https:\/\/www.iterculture.com\/fr\/lorchestre-de-lopera-de-rouen-normandie\/","og_locale":"fr_FR","og_type":"article","og_title":"L'Orchestre de l'op\u00e9ra de Rouen Normandie - Iterculture.com","og_description":"Depuis le 1er septembre 2024, l&rsquo;Orchestre National de Normandie et l&rsquo;Orchestre de l&rsquo;Op\u00e9ra de Rouen Normandie ne font plus qu&rsquo;un. Cette fusion donne naissance \u00e0 une exceptionnelle de formation de 58 musiciens anim\u00e9s par une passion commune : faire rayonner tous les r\u00e9pertoires musicaux sur l&rsquo;ensemble du territoire normand &#8211; et au-del\u00e0. Install\u00e9 \u00e0 Rouen...","og_url":"https:\/\/www.iterculture.com\/fr\/lorchestre-de-lopera-de-rouen-normandie\/","og_site_name":"Iterculture.com","article_modified_time":"2025-05-20T07:19:08+00:00","og_image":[{"url":"https:\/\/www.iterculture.com\/fr\/wp-content\/uploads\/2025\/05\/57535Orchestre-de-l-Opera-de-Rouen-Normandie-by-Caroline-Doutre-1024x405.jpg"}],"twitter_card":"summary_large_image","twitter_misc":{"Dur\u00e9e de lecture estim\u00e9e":"2 minutes"},"schema":{"@context":"https:\/\/schema.org","@graph":[{"@type":"WebPage","@id":"https:\/\/www.iterculture.com\/fr\/lorchestre-de-lopera-de-rouen-normandie\/","url":"https:\/\/www.iterculture.com\/fr\/lorchestre-de-lopera-de-rouen-normandie\/","name":"L'Orchestre de l'op\u00e9ra de Rouen Normandie - Iterculture.com","isPartOf":{"@id":"https:\/\/www.iterculture.com\/fr\/#website"},"datePublished":"2025-05-20T07:19:07+00:00","dateModified":"2025-05-20T07:19:08+00:00","breadcrumb":{"@id":"https:\/\/www.iterculture.com\/fr\/lorchestre-de-lopera-de-rouen-normandie\/#breadcrumb"},"inLanguage":"fr-FR","potentialAction":[{"@type":"ReadAction","target":["https:\/\/www.iterculture.com\/fr\/lorchestre-de-lopera-de-rouen-normandie\/"]}]},{"@type":"BreadcrumbList","@id":"https:\/\/www.iterculture.com\/fr\/lorchestre-de-lopera-de-rouen-normandie\/#breadcrumb","itemListElement":[{"@type":"ListItem","position":1,"name":"Accueil","item":"https:\/\/www.iterculture.com\/fr\/"},{"@type":"ListItem","position":2,"name":"L&rsquo;Orchestre de l&rsquo;op\u00e9ra de Rouen Normandie"}]},{"@type":"WebSite","@id":"https:\/\/www.iterculture.com\/fr\/#website","url":"https:\/\/www.iterculture.com\/fr\/","name":"Iterculture.com","description":"Un festival de musique classique et n\u00e9oclassique en for\u00eat","publisher":{"@id":"https:\/\/www.iterculture.com\/fr\/#organization"},"potentialAction":[{"@type":"SearchAction","target":{"@type":"EntryPoint","urlTemplate":"https:\/\/www.iterculture.com\/fr\/?s={search_term_string}"},"query-input":"required name=search_term_string"}],"inLanguage":"fr-FR"},{"@type":"Organization","@id":"https:\/\/www.iterculture.com\/fr\/#organization","name":"Iterculture.com","url":"https:\/\/www.iterculture.com\/fr\/","logo":{"@type":"ImageObject","inLanguage":"fr-FR","@id":"https:\/\/www.iterculture.com\/fr\/#\/schema\/logo\/image\/","url":"https:\/\/www.iterculture.com\/fr\/wp-content\/uploads\/2025\/05\/cropped-Capture_d_ecran_2025-05-13_142717-removebg-preview-1.png","contentUrl":"https:\/\/www.iterculture.com\/fr\/wp-content\/uploads\/2025\/05\/cropped-Capture_d_ecran_2025-05-13_142717-removebg-preview-1.png","width":757,"height":319,"caption":"Iterculture.com"},"image":{"@id":"https:\/\/www.iterculture.com\/fr\/#\/schema\/logo\/image\/"}}]}},"_links":{"self":[{"href":"https:\/\/www.iterculture.com\/fr\/wp-json\/wp\/v2\/pages\/1755"}],"collection":[{"href":"https:\/\/www.iterculture.com\/fr\/wp-json\/wp\/v2\/pages"}],"about":[{"href":"https:\/\/www.iterculture.com\/fr\/wp-json\/wp\/v2\/types\/page"}],"author":[{"embeddable":true,"href":"https:\/\/www.iterculture.com\/fr\/wp-json\/wp\/v2\/users\/6"}],"replies":[{"embeddable":true,"href":"https:\/\/www.iterculture.com\/fr\/wp-json\/wp\/v2\/comments?post=1755"}],"version-history":[{"count":2,"href":"https:\/\/www.iterculture.com\/fr\/wp-json\/wp\/v2\/pages\/1755\/revisions"}],"predecessor-version":[{"id":1765,"href":"https:\/\/www.iterculture.com\/fr\/wp-json\/wp\/v2\/pages\/1755\/revisions\/1765"}],"wp:attachment":[{"href":"https:\/\/www.iterculture.com\/fr\/wp-json\/wp\/v2\/media?parent=1755"}],"curies":[{"name":"wp","href":"https:\/\/api.w.org\/{rel}","templated":true}]}}