{"id":1758,"date":"2025-05-20T07:09:57","date_gmt":"2025-05-20T07:09:57","guid":{"rendered":"https:\/\/www.iterculture.com\/fr\/?page_id=1758"},"modified":"2025-05-20T07:09:57","modified_gmt":"2025-05-20T07:09:57","slug":"anton-batagov","status":"publish","type":"page","link":"https:\/\/www.iterculture.com\/fr\/anton-batagov\/","title":{"rendered":"Anton Batagov"},"content":{"rendered":"\n<figure class=\"wp-block-gallery has-nested-images columns-default is-cropped wp-block-gallery-1 is-layout-flex\">\n<figure class=\"wp-block-image size-large\"><img decoding=\"async\" loading=\"lazy\" width=\"842\" height=\"492\" data-id=\"1759\"  src=\"https:\/\/www.iterculture.com\/fr\/wp-content\/uploads\/2025\/05\/Photo-Batagov.png\" alt=\"\" class=\"wp-image-1759\" srcset=\"https:\/\/www.iterculture.com\/fr\/wp-content\/uploads\/2025\/05\/Photo-Batagov.png 842w, https:\/\/www.iterculture.com\/fr\/wp-content\/uploads\/2025\/05\/Photo-Batagov-300x175.png 300w, https:\/\/www.iterculture.com\/fr\/wp-content\/uploads\/2025\/05\/Photo-Batagov-768x449.png 768w\" sizes=\"(max-width: 842px) 100vw, 842px\" \/><\/figure>\n<\/figure>\n\n\n\n<p><br>Anton Batagov est l&rsquo;une des figures les plus embl\u00e9matiques et influentes du courant n\u00e9oclassique. A la fois pianiste et compositeur, il a publi\u00e9 pr\u00e8s de 60 albums. Ses oeuvres, \u00e0 la crois\u00e9e entre tradition et modernit\u00e9, ont \u00e9t\u00e9 jou\u00e9es et enregistr\u00e9es par de prestigieux orchestres et par des musiciens de premier rang, issus aussi bien de la musique classique que de la sc\u00e8ne rock. Il s&rsquo;est par ailleurs produit sur les plus grandes sc\u00e8nes \u00e0 travers le monde, de la Grande Salle du Conservatoire de Moscou \u00e0 la Brooklyn Academy of Music, en passant entre autres par la Philharmonie de Saint-P\u00e9tersbourg, la Philharmonie de Paris, l&rsquo;Elbphilarmonie de Hambourg, le Jordan Hall de Boston, la Berliner Philharmonie.<\/p>\n\n\n\n<p>Sa d\u00e9marche artistique abolit les fronti\u00e8res entre composition interpr\u00e9tation. Elle puise librement dans l&rsquo;ensemble des traditions musicales &#8211; des rituels anciens \u00e0 la pop culture contemporaine, en passant par les technologies num\u00e9riques &#8211; pour nourrir une pratique profond\u00e9ment singuli\u00e8re. <br>Le style de Batagov puise dans les harmoniques des cloches orthodoxes russes, la rigueur du minimalisme, l&rsquo;\u00e9nergie du rock progressif et la s\u00e9r\u00e9nit\u00e9 de la pens\u00e9e bouddhiste. Il d\u00e9veloppe une musique de l&rsquo;intervalle, du silence et de la lumi\u00e8re. Une musique singuli\u00e8re qui a \u00e9galement su s\u00e9duire le monde du cin\u00e9ma et la t\u00e9l\u00e9vision : Anton Batagov a ainsi sign\u00e9 tant des bandes originales de films et documentaires que des compositions pour des productions t\u00e9l\u00e9vis\u00e9es. <\/p>\n\n\n\n<blockquote class=\"wp-block-quote\">\n<p>\u00ab\u00a0<strong><em>Anton Batagov est un mystique du piano. \u00c0 la fois chamane et showman, il r\u00e9v\u00e8le sous ses doigts un autre monde, une autre \u00e9nergie, une autre fa\u00e7on d\u2019\u00e9couter.<\/em><\/strong>\u00ab\u00a0<\/p>\n<cite><em>Time out New York<\/em> <em>Magazine<\/em><\/cite><\/blockquote>\n\n\n\n<p><br>De 1997 \u00e0 2009, il interrompt volontairement sa carri\u00e8re de concertiste pour se consacrer \u00e0 la composition et \u00e0 l&rsquo;enregistrement. Il revient depuis r\u00e9guli\u00e8rement sur sc\u00e8ne pour des r\u00e9citals uniques m\u00ealant ses propres oeuvres \u00e0 celles des grands ma\u00eetres du pass\u00e9 : Bach, Mozart, Schubert, Pachelbel, Debussy, mais aussi Cage, Feldman, Nyman ou encore Philip Glass.<\/p>\n\n\n\n<p>Anton Batagov est en effet l&rsquo;un des plus proches collaborateurs de Philip Glass, ma\u00eetre incontest\u00e9 de la musique n\u00e9oclassique, dont il est un interpr\u00e8te de r\u00e9f\u00e9rence. Depuis pr\u00e8s de dix ans, il tourne dans le monde entier aux c\u00f4t\u00e9s du compositeur. Ses enregistrements des <em>Etudes<\/em>, de <em>The Hours<\/em>, de <em>Prophecies<\/em> (adaptations pour piano de <em><em>Koyaanisqatsi<\/em> et <em>Einstein on the Beach<\/em><\/em>), ou encore <em>Distant Figure<\/em> &#8211; oeuvre \u00e9crite sp\u00e9cialement pour lui par Glass &#8211; ont su s\u00e9duire tant la critique que le public avec des milliers de ventes et des millions de streams.<\/p>\n","protected":false},"excerpt":{"rendered":"<p>Anton Batagov est l&rsquo;une des figures les plus embl\u00e9matiques et influentes du courant n\u00e9oclassique. A la fois pianiste et compositeur, il a publi\u00e9 pr\u00e8s de 60 albums. Ses oeuvres, \u00e0 la crois\u00e9e entre tradition et modernit\u00e9, ont \u00e9t\u00e9 jou\u00e9es et enregistr\u00e9es par de prestigieux orchestres et par des musiciens de premier rang, issus aussi bien&#8230;<\/p>\n","protected":false},"author":6,"featured_media":0,"parent":0,"menu_order":0,"comment_status":"closed","ping_status":"closed","template":"","meta":{"_kadence_starter_templates_imported_post":false,"_kad_post_transparent":"","_kad_post_title":"","_kad_post_layout":"","_kad_post_sidebar_id":"","_kad_post_content_style":"","_kad_post_vertical_padding":"","_kad_post_feature":"","_kad_post_feature_position":"","_kad_post_header":false,"_kad_post_footer":false},"yoast_head":"<!-- This site is optimized with the Yoast SEO plugin v20.10 - https:\/\/yoast.com\/wordpress\/plugins\/seo\/ -->\n<title>Anton Batagov - Iterculture.com<\/title>\n<meta name=\"robots\" content=\"index, follow, max-snippet:-1, max-image-preview:large, max-video-preview:-1\" \/>\n<link rel=\"canonical\" href=\"https:\/\/www.iterculture.com\/fr\/anton-batagov\/\" \/>\n<meta property=\"og:locale\" content=\"fr_FR\" \/>\n<meta property=\"og:type\" content=\"article\" \/>\n<meta property=\"og:title\" content=\"Anton Batagov - Iterculture.com\" \/>\n<meta property=\"og:description\" content=\"Anton Batagov est l&rsquo;une des figures les plus embl\u00e9matiques et influentes du courant n\u00e9oclassique. A la fois pianiste et compositeur, il a publi\u00e9 pr\u00e8s de 60 albums. Ses oeuvres, \u00e0 la crois\u00e9e entre tradition et modernit\u00e9, ont \u00e9t\u00e9 jou\u00e9es et enregistr\u00e9es par de prestigieux orchestres et par des musiciens de premier rang, issus aussi bien...\" \/>\n<meta property=\"og:url\" content=\"https:\/\/www.iterculture.com\/fr\/anton-batagov\/\" \/>\n<meta property=\"og:site_name\" content=\"Iterculture.com\" \/>\n<meta property=\"og:image\" content=\"https:\/\/www.iterculture.com\/fr\/wp-content\/uploads\/2025\/05\/Photo-Batagov.png\" \/>\n<meta name=\"twitter:card\" content=\"summary_large_image\" \/>\n<meta name=\"twitter:label1\" content=\"Dur\u00e9e de lecture estim\u00e9e\" \/>\n\t<meta name=\"twitter:data1\" content=\"3 minutes\" \/>\n<script type=\"application\/ld+json\" class=\"yoast-schema-graph\">{\"@context\":\"https:\/\/schema.org\",\"@graph\":[{\"@type\":\"WebPage\",\"@id\":\"https:\/\/www.iterculture.com\/fr\/anton-batagov\/\",\"url\":\"https:\/\/www.iterculture.com\/fr\/anton-batagov\/\",\"name\":\"Anton Batagov - Iterculture.com\",\"isPartOf\":{\"@id\":\"https:\/\/www.iterculture.com\/fr\/#website\"},\"datePublished\":\"2025-05-20T07:09:57+00:00\",\"dateModified\":\"2025-05-20T07:09:57+00:00\",\"breadcrumb\":{\"@id\":\"https:\/\/www.iterculture.com\/fr\/anton-batagov\/#breadcrumb\"},\"inLanguage\":\"fr-FR\",\"potentialAction\":[{\"@type\":\"ReadAction\",\"target\":[\"https:\/\/www.iterculture.com\/fr\/anton-batagov\/\"]}]},{\"@type\":\"BreadcrumbList\",\"@id\":\"https:\/\/www.iterculture.com\/fr\/anton-batagov\/#breadcrumb\",\"itemListElement\":[{\"@type\":\"ListItem\",\"position\":1,\"name\":\"Accueil\",\"item\":\"https:\/\/www.iterculture.com\/fr\/\"},{\"@type\":\"ListItem\",\"position\":2,\"name\":\"Anton Batagov\"}]},{\"@type\":\"WebSite\",\"@id\":\"https:\/\/www.iterculture.com\/fr\/#website\",\"url\":\"https:\/\/www.iterculture.com\/fr\/\",\"name\":\"Iterculture.com\",\"description\":\"Un festival de musique classique et n\u00e9oclassique en for\u00eat\",\"publisher\":{\"@id\":\"https:\/\/www.iterculture.com\/fr\/#organization\"},\"potentialAction\":[{\"@type\":\"SearchAction\",\"target\":{\"@type\":\"EntryPoint\",\"urlTemplate\":\"https:\/\/www.iterculture.com\/fr\/?s={search_term_string}\"},\"query-input\":\"required name=search_term_string\"}],\"inLanguage\":\"fr-FR\"},{\"@type\":\"Organization\",\"@id\":\"https:\/\/www.iterculture.com\/fr\/#organization\",\"name\":\"Iterculture.com\",\"url\":\"https:\/\/www.iterculture.com\/fr\/\",\"logo\":{\"@type\":\"ImageObject\",\"inLanguage\":\"fr-FR\",\"@id\":\"https:\/\/www.iterculture.com\/fr\/#\/schema\/logo\/image\/\",\"url\":\"https:\/\/www.iterculture.com\/fr\/wp-content\/uploads\/2025\/05\/cropped-Capture_d_ecran_2025-05-13_142717-removebg-preview-1.png\",\"contentUrl\":\"https:\/\/www.iterculture.com\/fr\/wp-content\/uploads\/2025\/05\/cropped-Capture_d_ecran_2025-05-13_142717-removebg-preview-1.png\",\"width\":757,\"height\":319,\"caption\":\"Iterculture.com\"},\"image\":{\"@id\":\"https:\/\/www.iterculture.com\/fr\/#\/schema\/logo\/image\/\"}}]}<\/script>\n<!-- \/ Yoast SEO plugin. -->","yoast_head_json":{"title":"Anton Batagov - Iterculture.com","robots":{"index":"index","follow":"follow","max-snippet":"max-snippet:-1","max-image-preview":"max-image-preview:large","max-video-preview":"max-video-preview:-1"},"canonical":"https:\/\/www.iterculture.com\/fr\/anton-batagov\/","og_locale":"fr_FR","og_type":"article","og_title":"Anton Batagov - Iterculture.com","og_description":"Anton Batagov est l&rsquo;une des figures les plus embl\u00e9matiques et influentes du courant n\u00e9oclassique. A la fois pianiste et compositeur, il a publi\u00e9 pr\u00e8s de 60 albums. Ses oeuvres, \u00e0 la crois\u00e9e entre tradition et modernit\u00e9, ont \u00e9t\u00e9 jou\u00e9es et enregistr\u00e9es par de prestigieux orchestres et par des musiciens de premier rang, issus aussi bien...","og_url":"https:\/\/www.iterculture.com\/fr\/anton-batagov\/","og_site_name":"Iterculture.com","og_image":[{"url":"https:\/\/www.iterculture.com\/fr\/wp-content\/uploads\/2025\/05\/Photo-Batagov.png"}],"twitter_card":"summary_large_image","twitter_misc":{"Dur\u00e9e de lecture estim\u00e9e":"3 minutes"},"schema":{"@context":"https:\/\/schema.org","@graph":[{"@type":"WebPage","@id":"https:\/\/www.iterculture.com\/fr\/anton-batagov\/","url":"https:\/\/www.iterculture.com\/fr\/anton-batagov\/","name":"Anton Batagov - Iterculture.com","isPartOf":{"@id":"https:\/\/www.iterculture.com\/fr\/#website"},"datePublished":"2025-05-20T07:09:57+00:00","dateModified":"2025-05-20T07:09:57+00:00","breadcrumb":{"@id":"https:\/\/www.iterculture.com\/fr\/anton-batagov\/#breadcrumb"},"inLanguage":"fr-FR","potentialAction":[{"@type":"ReadAction","target":["https:\/\/www.iterculture.com\/fr\/anton-batagov\/"]}]},{"@type":"BreadcrumbList","@id":"https:\/\/www.iterculture.com\/fr\/anton-batagov\/#breadcrumb","itemListElement":[{"@type":"ListItem","position":1,"name":"Accueil","item":"https:\/\/www.iterculture.com\/fr\/"},{"@type":"ListItem","position":2,"name":"Anton Batagov"}]},{"@type":"WebSite","@id":"https:\/\/www.iterculture.com\/fr\/#website","url":"https:\/\/www.iterculture.com\/fr\/","name":"Iterculture.com","description":"Un festival de musique classique et n\u00e9oclassique en for\u00eat","publisher":{"@id":"https:\/\/www.iterculture.com\/fr\/#organization"},"potentialAction":[{"@type":"SearchAction","target":{"@type":"EntryPoint","urlTemplate":"https:\/\/www.iterculture.com\/fr\/?s={search_term_string}"},"query-input":"required name=search_term_string"}],"inLanguage":"fr-FR"},{"@type":"Organization","@id":"https:\/\/www.iterculture.com\/fr\/#organization","name":"Iterculture.com","url":"https:\/\/www.iterculture.com\/fr\/","logo":{"@type":"ImageObject","inLanguage":"fr-FR","@id":"https:\/\/www.iterculture.com\/fr\/#\/schema\/logo\/image\/","url":"https:\/\/www.iterculture.com\/fr\/wp-content\/uploads\/2025\/05\/cropped-Capture_d_ecran_2025-05-13_142717-removebg-preview-1.png","contentUrl":"https:\/\/www.iterculture.com\/fr\/wp-content\/uploads\/2025\/05\/cropped-Capture_d_ecran_2025-05-13_142717-removebg-preview-1.png","width":757,"height":319,"caption":"Iterculture.com"},"image":{"@id":"https:\/\/www.iterculture.com\/fr\/#\/schema\/logo\/image\/"}}]}},"_links":{"self":[{"href":"https:\/\/www.iterculture.com\/fr\/wp-json\/wp\/v2\/pages\/1758"}],"collection":[{"href":"https:\/\/www.iterculture.com\/fr\/wp-json\/wp\/v2\/pages"}],"about":[{"href":"https:\/\/www.iterculture.com\/fr\/wp-json\/wp\/v2\/types\/page"}],"author":[{"embeddable":true,"href":"https:\/\/www.iterculture.com\/fr\/wp-json\/wp\/v2\/users\/6"}],"replies":[{"embeddable":true,"href":"https:\/\/www.iterculture.com\/fr\/wp-json\/wp\/v2\/comments?post=1758"}],"version-history":[{"count":1,"href":"https:\/\/www.iterculture.com\/fr\/wp-json\/wp\/v2\/pages\/1758\/revisions"}],"predecessor-version":[{"id":1760,"href":"https:\/\/www.iterculture.com\/fr\/wp-json\/wp\/v2\/pages\/1758\/revisions\/1760"}],"wp:attachment":[{"href":"https:\/\/www.iterculture.com\/fr\/wp-json\/wp\/v2\/media?parent=1758"}],"curies":[{"name":"wp","href":"https:\/\/api.w.org\/{rel}","templated":true}]}}