{"id":1766,"date":"2025-05-20T07:18:47","date_gmt":"2025-05-20T07:18:47","guid":{"rendered":"https:\/\/www.iterculture.com\/fr\/?page_id=1766"},"modified":"2025-05-20T07:21:49","modified_gmt":"2025-05-20T07:21:49","slug":"keren-kagarlitsky","status":"publish","type":"page","link":"https:\/\/www.iterculture.com\/fr\/keren-kagarlitsky\/","title":{"rendered":"Keren Kagarlitsky"},"content":{"rendered":"\n<figure class=\"wp-block-image size-large is-resized\"><img decoding=\"async\" loading=\"lazy\" src=\"https:\/\/www.iterculture.com\/fr\/wp-content\/uploads\/2025\/05\/KerenKagarlitsky-1024x370.jpg\" alt=\"\" class=\"wp-image-1768\" width=\"1177\" height=\"426\" srcset=\"https:\/\/www.iterculture.com\/fr\/wp-content\/uploads\/2025\/05\/KerenKagarlitsky-1024x370.jpg 1024w, https:\/\/www.iterculture.com\/fr\/wp-content\/uploads\/2025\/05\/KerenKagarlitsky-300x108.jpg 300w, https:\/\/www.iterculture.com\/fr\/wp-content\/uploads\/2025\/05\/KerenKagarlitsky-768x277.jpg 768w, https:\/\/www.iterculture.com\/fr\/wp-content\/uploads\/2025\/05\/KerenKagarlitsky.jpg 1440w\" sizes=\"(max-width: 1177px) 100vw, 1177px\" \/><\/figure>\n\n\n\n<p>Kapellmeister \u00e0 la Volskoper de Vienne, Keren Kagarlitsky s&rsquo;impose comme l&rsquo;une des jeunes cheffes les plus prometteuses de sa g\u00e9n\u00e9ration. N\u00e9e en Isra\u00ebl en 1991 de parents originaires du Kirghizistan, elle d\u00e9veloppe tr\u00e8s t\u00f4t une passion pour la musique, d\u00e9butant le piano \u00e0 l&rsquo;\u00e2ge de sept ans, avant de s&rsquo;orienter vers la composition et la direction d&rsquo;orchestre.<\/p>\n\n\n\n<p>Form\u00e9e \u00e0 la Jerusalem Academy Of Music and Dance, puis \u00e0 la prestigieuse Universit\u00e4t der K\u00fcnste de Berlin (UDK), elle se perfectionne aupr\u00e8s de ma\u00eetres reconnus tels que Steven Sloane, Harry Curtis, Menachem Wiesenberg et Avener Biron. Elle re\u00e7oit le Scholarship Excellence Award en 2015 ainsi qu&rsquo;une bourse de la Fondation culturelle am\u00e9ricano-isra\u00e9lienne en 2018.<\/p>\n\n\n\n<p>Son parcours international la conduit \u00e0 diriger des formations de premier plan : Staatsorchester Sttutgart, BBC Philharmonic, Teatro Massimo de Palerme, Arturo Toscanini de Parme, Orchestre Symphonique de Bretagne, Orchestre philharmonique d\u2019Isra\u00ebl, Camerata Jerusalem, ou encore Isra\u00ebl Chamber Orchestra.<\/p>\n\n\n\n<p>Entre 2018 et 2022, elle travaille \u00e9troitement aux c\u00f4t\u00e9s du chef Omer Meir Wellber, notamment pour des productions d&rsquo;envergure comme <em>La Fl\u00fbte enchant\u00e9e<\/em> \u00e0 la Semperoper de Dresde, <em>Don Giovanni<\/em> et <em>Carmen<\/em> au Teatro Massimo.<\/p>\n\n\n\n<p>Kagarlitsky est \u00e9galement reconnue pour ses talents d\u2019orchestratrice : ses arrangements ont \u00e9t\u00e9 jou\u00e9s par des orchestres prestigieux, et en 2023, elle signe la composition originale et l\u2019orchestration du spectacle Lass uns die Welt vergessen \u00e0 la Volksoper de Vienne.<\/p>\n\n\n\n<p>Fervente p\u00e9dagogue, elle cr\u00e9e de nombreux concerts \u00e0 destination du jeune public et dirige actuellement l\u2019orchestre de l\u2019Acad\u00e9mie de musique et de danse de J\u00e9rusalem, alliant exigence artistique et transmission.<\/p>\n","protected":false},"excerpt":{"rendered":"<p>Kapellmeister \u00e0 la Volskoper de Vienne, Keren Kagarlitsky s&rsquo;impose comme l&rsquo;une des jeunes cheffes les plus prometteuses de sa g\u00e9n\u00e9ration. N\u00e9e en Isra\u00ebl en 1991 de parents originaires du Kirghizistan, elle d\u00e9veloppe tr\u00e8s t\u00f4t une passion pour la musique, d\u00e9butant le piano \u00e0 l&rsquo;\u00e2ge de sept ans, avant de s&rsquo;orienter vers la composition et la&#8230;<\/p>\n","protected":false},"author":6,"featured_media":0,"parent":0,"menu_order":0,"comment_status":"closed","ping_status":"closed","template":"","meta":{"_kadence_starter_templates_imported_post":false,"_kad_post_transparent":"","_kad_post_title":"","_kad_post_layout":"","_kad_post_sidebar_id":"","_kad_post_content_style":"","_kad_post_vertical_padding":"","_kad_post_feature":"","_kad_post_feature_position":"","_kad_post_header":false,"_kad_post_footer":false},"yoast_head":"<!-- This site is optimized with the Yoast SEO plugin v20.10 - https:\/\/yoast.com\/wordpress\/plugins\/seo\/ -->\n<title>Keren Kagarlitsky - Iterculture.com<\/title>\n<meta name=\"robots\" content=\"index, follow, max-snippet:-1, max-image-preview:large, max-video-preview:-1\" \/>\n<link rel=\"canonical\" href=\"https:\/\/www.iterculture.com\/fr\/keren-kagarlitsky\/\" \/>\n<meta property=\"og:locale\" content=\"fr_FR\" \/>\n<meta property=\"og:type\" content=\"article\" \/>\n<meta property=\"og:title\" content=\"Keren Kagarlitsky - Iterculture.com\" \/>\n<meta property=\"og:description\" content=\"Kapellmeister \u00e0 la Volskoper de Vienne, Keren Kagarlitsky s&rsquo;impose comme l&rsquo;une des jeunes cheffes les plus prometteuses de sa g\u00e9n\u00e9ration. N\u00e9e en Isra\u00ebl en 1991 de parents originaires du Kirghizistan, elle d\u00e9veloppe tr\u00e8s t\u00f4t une passion pour la musique, d\u00e9butant le piano \u00e0 l&rsquo;\u00e2ge de sept ans, avant de s&rsquo;orienter vers la composition et la...\" \/>\n<meta property=\"og:url\" content=\"https:\/\/www.iterculture.com\/fr\/keren-kagarlitsky\/\" \/>\n<meta property=\"og:site_name\" content=\"Iterculture.com\" \/>\n<meta property=\"article:modified_time\" content=\"2025-05-20T07:21:49+00:00\" \/>\n<meta property=\"og:image\" content=\"https:\/\/www.iterculture.com\/fr\/wp-content\/uploads\/2025\/05\/KerenKagarlitsky-1024x370.jpg\" \/>\n<meta name=\"twitter:card\" content=\"summary_large_image\" \/>\n<meta name=\"twitter:label1\" content=\"Dur\u00e9e de lecture estim\u00e9e\" \/>\n\t<meta name=\"twitter:data1\" content=\"2 minutes\" \/>\n<script type=\"application\/ld+json\" class=\"yoast-schema-graph\">{\"@context\":\"https:\/\/schema.org\",\"@graph\":[{\"@type\":\"WebPage\",\"@id\":\"https:\/\/www.iterculture.com\/fr\/keren-kagarlitsky\/\",\"url\":\"https:\/\/www.iterculture.com\/fr\/keren-kagarlitsky\/\",\"name\":\"Keren Kagarlitsky - Iterculture.com\",\"isPartOf\":{\"@id\":\"https:\/\/www.iterculture.com\/fr\/#website\"},\"datePublished\":\"2025-05-20T07:18:47+00:00\",\"dateModified\":\"2025-05-20T07:21:49+00:00\",\"breadcrumb\":{\"@id\":\"https:\/\/www.iterculture.com\/fr\/keren-kagarlitsky\/#breadcrumb\"},\"inLanguage\":\"fr-FR\",\"potentialAction\":[{\"@type\":\"ReadAction\",\"target\":[\"https:\/\/www.iterculture.com\/fr\/keren-kagarlitsky\/\"]}]},{\"@type\":\"BreadcrumbList\",\"@id\":\"https:\/\/www.iterculture.com\/fr\/keren-kagarlitsky\/#breadcrumb\",\"itemListElement\":[{\"@type\":\"ListItem\",\"position\":1,\"name\":\"Accueil\",\"item\":\"https:\/\/www.iterculture.com\/fr\/\"},{\"@type\":\"ListItem\",\"position\":2,\"name\":\"Keren Kagarlitsky\"}]},{\"@type\":\"WebSite\",\"@id\":\"https:\/\/www.iterculture.com\/fr\/#website\",\"url\":\"https:\/\/www.iterculture.com\/fr\/\",\"name\":\"Iterculture.com\",\"description\":\"Un festival de musique classique et n\u00e9oclassique en for\u00eat\",\"publisher\":{\"@id\":\"https:\/\/www.iterculture.com\/fr\/#organization\"},\"potentialAction\":[{\"@type\":\"SearchAction\",\"target\":{\"@type\":\"EntryPoint\",\"urlTemplate\":\"https:\/\/www.iterculture.com\/fr\/?s={search_term_string}\"},\"query-input\":\"required name=search_term_string\"}],\"inLanguage\":\"fr-FR\"},{\"@type\":\"Organization\",\"@id\":\"https:\/\/www.iterculture.com\/fr\/#organization\",\"name\":\"Iterculture.com\",\"url\":\"https:\/\/www.iterculture.com\/fr\/\",\"logo\":{\"@type\":\"ImageObject\",\"inLanguage\":\"fr-FR\",\"@id\":\"https:\/\/www.iterculture.com\/fr\/#\/schema\/logo\/image\/\",\"url\":\"https:\/\/www.iterculture.com\/fr\/wp-content\/uploads\/2025\/05\/cropped-Capture_d_ecran_2025-05-13_142717-removebg-preview-1.png\",\"contentUrl\":\"https:\/\/www.iterculture.com\/fr\/wp-content\/uploads\/2025\/05\/cropped-Capture_d_ecran_2025-05-13_142717-removebg-preview-1.png\",\"width\":757,\"height\":319,\"caption\":\"Iterculture.com\"},\"image\":{\"@id\":\"https:\/\/www.iterculture.com\/fr\/#\/schema\/logo\/image\/\"}}]}<\/script>\n<!-- \/ Yoast SEO plugin. -->","yoast_head_json":{"title":"Keren Kagarlitsky - Iterculture.com","robots":{"index":"index","follow":"follow","max-snippet":"max-snippet:-1","max-image-preview":"max-image-preview:large","max-video-preview":"max-video-preview:-1"},"canonical":"https:\/\/www.iterculture.com\/fr\/keren-kagarlitsky\/","og_locale":"fr_FR","og_type":"article","og_title":"Keren Kagarlitsky - Iterculture.com","og_description":"Kapellmeister \u00e0 la Volskoper de Vienne, Keren Kagarlitsky s&rsquo;impose comme l&rsquo;une des jeunes cheffes les plus prometteuses de sa g\u00e9n\u00e9ration. N\u00e9e en Isra\u00ebl en 1991 de parents originaires du Kirghizistan, elle d\u00e9veloppe tr\u00e8s t\u00f4t une passion pour la musique, d\u00e9butant le piano \u00e0 l&rsquo;\u00e2ge de sept ans, avant de s&rsquo;orienter vers la composition et la...","og_url":"https:\/\/www.iterculture.com\/fr\/keren-kagarlitsky\/","og_site_name":"Iterculture.com","article_modified_time":"2025-05-20T07:21:49+00:00","og_image":[{"url":"https:\/\/www.iterculture.com\/fr\/wp-content\/uploads\/2025\/05\/KerenKagarlitsky-1024x370.jpg"}],"twitter_card":"summary_large_image","twitter_misc":{"Dur\u00e9e de lecture estim\u00e9e":"2 minutes"},"schema":{"@context":"https:\/\/schema.org","@graph":[{"@type":"WebPage","@id":"https:\/\/www.iterculture.com\/fr\/keren-kagarlitsky\/","url":"https:\/\/www.iterculture.com\/fr\/keren-kagarlitsky\/","name":"Keren Kagarlitsky - Iterculture.com","isPartOf":{"@id":"https:\/\/www.iterculture.com\/fr\/#website"},"datePublished":"2025-05-20T07:18:47+00:00","dateModified":"2025-05-20T07:21:49+00:00","breadcrumb":{"@id":"https:\/\/www.iterculture.com\/fr\/keren-kagarlitsky\/#breadcrumb"},"inLanguage":"fr-FR","potentialAction":[{"@type":"ReadAction","target":["https:\/\/www.iterculture.com\/fr\/keren-kagarlitsky\/"]}]},{"@type":"BreadcrumbList","@id":"https:\/\/www.iterculture.com\/fr\/keren-kagarlitsky\/#breadcrumb","itemListElement":[{"@type":"ListItem","position":1,"name":"Accueil","item":"https:\/\/www.iterculture.com\/fr\/"},{"@type":"ListItem","position":2,"name":"Keren Kagarlitsky"}]},{"@type":"WebSite","@id":"https:\/\/www.iterculture.com\/fr\/#website","url":"https:\/\/www.iterculture.com\/fr\/","name":"Iterculture.com","description":"Un festival de musique classique et n\u00e9oclassique en for\u00eat","publisher":{"@id":"https:\/\/www.iterculture.com\/fr\/#organization"},"potentialAction":[{"@type":"SearchAction","target":{"@type":"EntryPoint","urlTemplate":"https:\/\/www.iterculture.com\/fr\/?s={search_term_string}"},"query-input":"required name=search_term_string"}],"inLanguage":"fr-FR"},{"@type":"Organization","@id":"https:\/\/www.iterculture.com\/fr\/#organization","name":"Iterculture.com","url":"https:\/\/www.iterculture.com\/fr\/","logo":{"@type":"ImageObject","inLanguage":"fr-FR","@id":"https:\/\/www.iterculture.com\/fr\/#\/schema\/logo\/image\/","url":"https:\/\/www.iterculture.com\/fr\/wp-content\/uploads\/2025\/05\/cropped-Capture_d_ecran_2025-05-13_142717-removebg-preview-1.png","contentUrl":"https:\/\/www.iterculture.com\/fr\/wp-content\/uploads\/2025\/05\/cropped-Capture_d_ecran_2025-05-13_142717-removebg-preview-1.png","width":757,"height":319,"caption":"Iterculture.com"},"image":{"@id":"https:\/\/www.iterculture.com\/fr\/#\/schema\/logo\/image\/"}}]}},"_links":{"self":[{"href":"https:\/\/www.iterculture.com\/fr\/wp-json\/wp\/v2\/pages\/1766"}],"collection":[{"href":"https:\/\/www.iterculture.com\/fr\/wp-json\/wp\/v2\/pages"}],"about":[{"href":"https:\/\/www.iterculture.com\/fr\/wp-json\/wp\/v2\/types\/page"}],"author":[{"embeddable":true,"href":"https:\/\/www.iterculture.com\/fr\/wp-json\/wp\/v2\/users\/6"}],"replies":[{"embeddable":true,"href":"https:\/\/www.iterculture.com\/fr\/wp-json\/wp\/v2\/comments?post=1766"}],"version-history":[{"count":2,"href":"https:\/\/www.iterculture.com\/fr\/wp-json\/wp\/v2\/pages\/1766\/revisions"}],"predecessor-version":[{"id":1792,"href":"https:\/\/www.iterculture.com\/fr\/wp-json\/wp\/v2\/pages\/1766\/revisions\/1792"}],"wp:attachment":[{"href":"https:\/\/www.iterculture.com\/fr\/wp-json\/wp\/v2\/media?parent=1766"}],"curies":[{"name":"wp","href":"https:\/\/api.w.org\/{rel}","templated":true}]}}