{"id":1770,"date":"2025-05-20T07:17:54","date_gmt":"2025-05-20T07:17:54","guid":{"rendered":"https:\/\/www.iterculture.com\/fr\/?page_id=1770"},"modified":"2025-05-20T07:18:17","modified_gmt":"2025-05-20T07:18:17","slug":"philip-glass","status":"publish","type":"page","link":"https:\/\/www.iterculture.com\/fr\/philip-glass\/","title":{"rendered":"Philip Glass"},"content":{"rendered":"\n<figure class=\"wp-block-image size-large\"><img decoding=\"async\" loading=\"lazy\" width=\"1024\" height=\"683\" src=\"https:\/\/www.iterculture.com\/fr\/wp-content\/uploads\/2025\/05\/Philip-Glass-Le-minimalisme-n-est-qu-une-etiquette-1024x683.webp\" alt=\"\" class=\"wp-image-1772\" srcset=\"https:\/\/www.iterculture.com\/fr\/wp-content\/uploads\/2025\/05\/Philip-Glass-Le-minimalisme-n-est-qu-une-etiquette-1024x683.webp 1024w, https:\/\/www.iterculture.com\/fr\/wp-content\/uploads\/2025\/05\/Philip-Glass-Le-minimalisme-n-est-qu-une-etiquette-300x200.webp 300w, https:\/\/www.iterculture.com\/fr\/wp-content\/uploads\/2025\/05\/Philip-Glass-Le-minimalisme-n-est-qu-une-etiquette-768x512.webp 768w, https:\/\/www.iterculture.com\/fr\/wp-content\/uploads\/2025\/05\/Philip-Glass-Le-minimalisme-n-est-qu-une-etiquette.webp 1440w\" sizes=\"(max-width: 1024px) 100vw, 1024px\" \/><\/figure>\n\n\n\n<p>Philip Glass est sans nul doute l&rsquo;un des compositeurs les plus influents de la musique contemporaine, et notamment n\u00e9oclassique. Figure embl\u00e9matique du courant minimaliste &#8211; qu&rsquo;il pr\u00e9f\u00e8re qualifier de \u00ab\u00a0musique \u00e0 structures r\u00e9p\u00e9titives\u00a0\u00bb -, il est aujourd&rsquo;hui le compositeur d&rsquo;op\u00e9ra vivant le plus jou\u00e9 au monde.<\/p>\n\n\n\n<p>N\u00e9 \u00e0 Baltimore en 1937, form\u00e9 \u00e0 la Julliard School puis \u00e0 Paris aupr\u00e8s de Nadia Boulanger, Glass d\u00e9veloppe un langage musical reconnaissable entre tous, m\u00ealant motifs rythmiques ent\u00eatants et cycles de r\u00e9p\u00e9titions subtilement modifi\u00e9s.<\/p>\n\n\n\n<p>Des op\u00e9ras monumentaux (<em>Einstein on the Beach<\/em>, Akhnaten), aux musiques de films (<em>Koyyaanisqatsi<\/em>, <em>The Hour<\/em>s, <em>Mishima<\/em>, The Truman Show) et s\u00e9ries (plusieurs de ses compositions ont \u00e9t\u00e9 reprises dans Stranger Things, The Crown ou encore <em>Mr. Robot<\/em>&#8230;) en passant par les quatuors \u00e0 cordes, les symphonies, les concertos ou les \u0153uvres pour piano solo, Philip Glass excelle dans tous les registres et propose un r\u00e9pertoire d&rsquo;une impressionnante diversit\u00e9. Collaborateur d&rsquo;artistes de tous horizons (Robert Wilson, Godfrey Reggio, Woody Allen, Martin Scorcese, David Bowie ou encore Ravi Shankar), Philip Glass a su construire une offre foisonnante, transversale, et \u00e9chappant \u00e0 toute classification.<\/p>\n\n\n\n<p>Engag\u00e9 dans une diffusion large de la musique contemporaine, il a aussi contribu\u00e9 \u00e0 rendre ce r\u00e9pertoire accessible au grand public. Ses \u0153uvres sont aujourd\u2019hui jou\u00e9es dans les salles les plus prestigieuses du monde entier, de la Metropolitan Opera de New York \u00e0 l\u2019Op\u00e9ra de Paris, en passant par le English National Opera ou le Theater Basel. Elles figurent \u00e9galement au programme des festivals les plus novateurs, tels que le Ravinia Festival, Ars Electronica, Next Wave Festival au Brooklyn Academy of Music ou encore MaerzMusik \u00e0 Berlin.<\/p>\n\n\n\n<p>Philip Glass poursuit aujourd\u2019hui son travail de cr\u00e9ation avec une intensit\u00e9 remarquable, entour\u00e9 de musiciens qui, \u00e0 l\u2019instar de Maki Namekawa, Anton Batagov, ou Dennis Russell Davies, d\u00e9fendent avec exigence et sensibilit\u00e9 un r\u00e9pertoire en constante \u00e9volution. Son influence sur la musique contemporaine, n\u00e9oclassique et populaire est aujourd\u2019hui incontestable. \u00c0 plus de 85 ans, il continue aujourd&rsquo;hui de composer et d&rsquo;inspirer de nouvelles g\u00e9n\u00e9rations d&rsquo;artistes.<\/p>\n","protected":false},"excerpt":{"rendered":"<p>Philip Glass est sans nul doute l&rsquo;un des compositeurs les plus influents de la musique contemporaine, et notamment n\u00e9oclassique. Figure embl\u00e9matique du courant minimaliste &#8211; qu&rsquo;il pr\u00e9f\u00e8re qualifier de \u00ab\u00a0musique \u00e0 structures r\u00e9p\u00e9titives\u00a0\u00bb -, il est aujourd&rsquo;hui le compositeur d&rsquo;op\u00e9ra vivant le plus jou\u00e9 au monde. N\u00e9 \u00e0 Baltimore en 1937, form\u00e9 \u00e0 la Julliard&#8230;<\/p>\n","protected":false},"author":6,"featured_media":0,"parent":0,"menu_order":0,"comment_status":"closed","ping_status":"closed","template":"","meta":{"_kadence_starter_templates_imported_post":false,"_kad_post_transparent":"","_kad_post_title":"","_kad_post_layout":"","_kad_post_sidebar_id":"","_kad_post_content_style":"","_kad_post_vertical_padding":"","_kad_post_feature":"","_kad_post_feature_position":"","_kad_post_header":false,"_kad_post_footer":false},"yoast_head":"<!-- This site is optimized with the Yoast SEO plugin v20.10 - https:\/\/yoast.com\/wordpress\/plugins\/seo\/ -->\n<title>Philip Glass - Iterculture.com<\/title>\n<meta name=\"robots\" content=\"index, follow, max-snippet:-1, max-image-preview:large, max-video-preview:-1\" \/>\n<link rel=\"canonical\" href=\"https:\/\/www.iterculture.com\/fr\/philip-glass\/\" \/>\n<meta property=\"og:locale\" content=\"fr_FR\" \/>\n<meta property=\"og:type\" content=\"article\" \/>\n<meta property=\"og:title\" content=\"Philip Glass - Iterculture.com\" \/>\n<meta property=\"og:description\" content=\"Philip Glass est sans nul doute l&rsquo;un des compositeurs les plus influents de la musique contemporaine, et notamment n\u00e9oclassique. Figure embl\u00e9matique du courant minimaliste &#8211; qu&rsquo;il pr\u00e9f\u00e8re qualifier de \u00ab\u00a0musique \u00e0 structures r\u00e9p\u00e9titives\u00a0\u00bb -, il est aujourd&rsquo;hui le compositeur d&rsquo;op\u00e9ra vivant le plus jou\u00e9 au monde. N\u00e9 \u00e0 Baltimore en 1937, form\u00e9 \u00e0 la Julliard...\" \/>\n<meta property=\"og:url\" content=\"https:\/\/www.iterculture.com\/fr\/philip-glass\/\" \/>\n<meta property=\"og:site_name\" content=\"Iterculture.com\" \/>\n<meta property=\"article:modified_time\" content=\"2025-05-20T07:18:17+00:00\" \/>\n<meta property=\"og:image\" content=\"https:\/\/www.iterculture.com\/fr\/wp-content\/uploads\/2025\/05\/Philip-Glass-Le-minimalisme-n-est-qu-une-etiquette-1024x683.webp\" \/>\n<meta name=\"twitter:card\" content=\"summary_large_image\" \/>\n<meta name=\"twitter:label1\" content=\"Dur\u00e9e de lecture estim\u00e9e\" \/>\n\t<meta name=\"twitter:data1\" content=\"2 minutes\" \/>\n<script type=\"application\/ld+json\" class=\"yoast-schema-graph\">{\"@context\":\"https:\/\/schema.org\",\"@graph\":[{\"@type\":\"WebPage\",\"@id\":\"https:\/\/www.iterculture.com\/fr\/philip-glass\/\",\"url\":\"https:\/\/www.iterculture.com\/fr\/philip-glass\/\",\"name\":\"Philip Glass - Iterculture.com\",\"isPartOf\":{\"@id\":\"https:\/\/www.iterculture.com\/fr\/#website\"},\"datePublished\":\"2025-05-20T07:17:54+00:00\",\"dateModified\":\"2025-05-20T07:18:17+00:00\",\"breadcrumb\":{\"@id\":\"https:\/\/www.iterculture.com\/fr\/philip-glass\/#breadcrumb\"},\"inLanguage\":\"fr-FR\",\"potentialAction\":[{\"@type\":\"ReadAction\",\"target\":[\"https:\/\/www.iterculture.com\/fr\/philip-glass\/\"]}]},{\"@type\":\"BreadcrumbList\",\"@id\":\"https:\/\/www.iterculture.com\/fr\/philip-glass\/#breadcrumb\",\"itemListElement\":[{\"@type\":\"ListItem\",\"position\":1,\"name\":\"Accueil\",\"item\":\"https:\/\/www.iterculture.com\/fr\/\"},{\"@type\":\"ListItem\",\"position\":2,\"name\":\"Philip Glass\"}]},{\"@type\":\"WebSite\",\"@id\":\"https:\/\/www.iterculture.com\/fr\/#website\",\"url\":\"https:\/\/www.iterculture.com\/fr\/\",\"name\":\"Iterculture.com\",\"description\":\"Un festival de musique classique et n\u00e9oclassique en for\u00eat\",\"publisher\":{\"@id\":\"https:\/\/www.iterculture.com\/fr\/#organization\"},\"potentialAction\":[{\"@type\":\"SearchAction\",\"target\":{\"@type\":\"EntryPoint\",\"urlTemplate\":\"https:\/\/www.iterculture.com\/fr\/?s={search_term_string}\"},\"query-input\":\"required name=search_term_string\"}],\"inLanguage\":\"fr-FR\"},{\"@type\":\"Organization\",\"@id\":\"https:\/\/www.iterculture.com\/fr\/#organization\",\"name\":\"Iterculture.com\",\"url\":\"https:\/\/www.iterculture.com\/fr\/\",\"logo\":{\"@type\":\"ImageObject\",\"inLanguage\":\"fr-FR\",\"@id\":\"https:\/\/www.iterculture.com\/fr\/#\/schema\/logo\/image\/\",\"url\":\"https:\/\/www.iterculture.com\/fr\/wp-content\/uploads\/2025\/05\/cropped-Capture_d_ecran_2025-05-13_142717-removebg-preview-1.png\",\"contentUrl\":\"https:\/\/www.iterculture.com\/fr\/wp-content\/uploads\/2025\/05\/cropped-Capture_d_ecran_2025-05-13_142717-removebg-preview-1.png\",\"width\":757,\"height\":319,\"caption\":\"Iterculture.com\"},\"image\":{\"@id\":\"https:\/\/www.iterculture.com\/fr\/#\/schema\/logo\/image\/\"}}]}<\/script>\n<!-- \/ Yoast SEO plugin. -->","yoast_head_json":{"title":"Philip Glass - Iterculture.com","robots":{"index":"index","follow":"follow","max-snippet":"max-snippet:-1","max-image-preview":"max-image-preview:large","max-video-preview":"max-video-preview:-1"},"canonical":"https:\/\/www.iterculture.com\/fr\/philip-glass\/","og_locale":"fr_FR","og_type":"article","og_title":"Philip Glass - Iterculture.com","og_description":"Philip Glass est sans nul doute l&rsquo;un des compositeurs les plus influents de la musique contemporaine, et notamment n\u00e9oclassique. Figure embl\u00e9matique du courant minimaliste &#8211; qu&rsquo;il pr\u00e9f\u00e8re qualifier de \u00ab\u00a0musique \u00e0 structures r\u00e9p\u00e9titives\u00a0\u00bb -, il est aujourd&rsquo;hui le compositeur d&rsquo;op\u00e9ra vivant le plus jou\u00e9 au monde. N\u00e9 \u00e0 Baltimore en 1937, form\u00e9 \u00e0 la Julliard...","og_url":"https:\/\/www.iterculture.com\/fr\/philip-glass\/","og_site_name":"Iterculture.com","article_modified_time":"2025-05-20T07:18:17+00:00","og_image":[{"url":"https:\/\/www.iterculture.com\/fr\/wp-content\/uploads\/2025\/05\/Philip-Glass-Le-minimalisme-n-est-qu-une-etiquette-1024x683.webp"}],"twitter_card":"summary_large_image","twitter_misc":{"Dur\u00e9e de lecture estim\u00e9e":"2 minutes"},"schema":{"@context":"https:\/\/schema.org","@graph":[{"@type":"WebPage","@id":"https:\/\/www.iterculture.com\/fr\/philip-glass\/","url":"https:\/\/www.iterculture.com\/fr\/philip-glass\/","name":"Philip Glass - Iterculture.com","isPartOf":{"@id":"https:\/\/www.iterculture.com\/fr\/#website"},"datePublished":"2025-05-20T07:17:54+00:00","dateModified":"2025-05-20T07:18:17+00:00","breadcrumb":{"@id":"https:\/\/www.iterculture.com\/fr\/philip-glass\/#breadcrumb"},"inLanguage":"fr-FR","potentialAction":[{"@type":"ReadAction","target":["https:\/\/www.iterculture.com\/fr\/philip-glass\/"]}]},{"@type":"BreadcrumbList","@id":"https:\/\/www.iterculture.com\/fr\/philip-glass\/#breadcrumb","itemListElement":[{"@type":"ListItem","position":1,"name":"Accueil","item":"https:\/\/www.iterculture.com\/fr\/"},{"@type":"ListItem","position":2,"name":"Philip Glass"}]},{"@type":"WebSite","@id":"https:\/\/www.iterculture.com\/fr\/#website","url":"https:\/\/www.iterculture.com\/fr\/","name":"Iterculture.com","description":"Un festival de musique classique et n\u00e9oclassique en for\u00eat","publisher":{"@id":"https:\/\/www.iterculture.com\/fr\/#organization"},"potentialAction":[{"@type":"SearchAction","target":{"@type":"EntryPoint","urlTemplate":"https:\/\/www.iterculture.com\/fr\/?s={search_term_string}"},"query-input":"required name=search_term_string"}],"inLanguage":"fr-FR"},{"@type":"Organization","@id":"https:\/\/www.iterculture.com\/fr\/#organization","name":"Iterculture.com","url":"https:\/\/www.iterculture.com\/fr\/","logo":{"@type":"ImageObject","inLanguage":"fr-FR","@id":"https:\/\/www.iterculture.com\/fr\/#\/schema\/logo\/image\/","url":"https:\/\/www.iterculture.com\/fr\/wp-content\/uploads\/2025\/05\/cropped-Capture_d_ecran_2025-05-13_142717-removebg-preview-1.png","contentUrl":"https:\/\/www.iterculture.com\/fr\/wp-content\/uploads\/2025\/05\/cropped-Capture_d_ecran_2025-05-13_142717-removebg-preview-1.png","width":757,"height":319,"caption":"Iterculture.com"},"image":{"@id":"https:\/\/www.iterculture.com\/fr\/#\/schema\/logo\/image\/"}}]}},"_links":{"self":[{"href":"https:\/\/www.iterculture.com\/fr\/wp-json\/wp\/v2\/pages\/1770"}],"collection":[{"href":"https:\/\/www.iterculture.com\/fr\/wp-json\/wp\/v2\/pages"}],"about":[{"href":"https:\/\/www.iterculture.com\/fr\/wp-json\/wp\/v2\/types\/page"}],"author":[{"embeddable":true,"href":"https:\/\/www.iterculture.com\/fr\/wp-json\/wp\/v2\/users\/6"}],"replies":[{"embeddable":true,"href":"https:\/\/www.iterculture.com\/fr\/wp-json\/wp\/v2\/comments?post=1770"}],"version-history":[{"count":1,"href":"https:\/\/www.iterculture.com\/fr\/wp-json\/wp\/v2\/pages\/1770\/revisions"}],"predecessor-version":[{"id":1773,"href":"https:\/\/www.iterculture.com\/fr\/wp-json\/wp\/v2\/pages\/1770\/revisions\/1773"}],"wp:attachment":[{"href":"https:\/\/www.iterculture.com\/fr\/wp-json\/wp\/v2\/media?parent=1770"}],"curies":[{"name":"wp","href":"https:\/\/api.w.org\/{rel}","templated":true}]}}