{"id":1793,"date":"2025-05-20T07:54:17","date_gmt":"2025-05-20T07:54:17","guid":{"rendered":"https:\/\/www.iterculture.com\/fr\/?page_id=1793"},"modified":"2025-09-15T08:47:01","modified_gmt":"2025-09-15T08:47:01","slug":"nuits-blanches-edition-2025","status":"publish","type":"page","link":"https:\/\/www.iterculture.com\/fr\/","title":{"rendered":"Nuits blanches &#8211; Edition 2025"},"content":{"rendered":"\n<div class=\"wp-block-cover is-light\"><span aria-hidden=\"true\" class=\"wp-block-cover__background has-background-dim\"><\/span><img decoding=\"async\" loading=\"lazy\" width=\"2560\" height=\"1707\" class=\"wp-block-cover__image-background wp-image-1802\" alt=\"\" src=\"https:\/\/www.iterculture.com\/fr\/wp-content\/uploads\/2025\/05\/pexels-umkreisel-app-957024-1-scaled.jpg\" data-object-fit=\"cover\" srcset=\"https:\/\/www.iterculture.com\/fr\/wp-content\/uploads\/2025\/05\/pexels-umkreisel-app-957024-1-scaled.jpg 2560w, https:\/\/www.iterculture.com\/fr\/wp-content\/uploads\/2025\/05\/pexels-umkreisel-app-957024-1-300x200.jpg 300w, https:\/\/www.iterculture.com\/fr\/wp-content\/uploads\/2025\/05\/pexels-umkreisel-app-957024-1-1024x683.jpg 1024w, https:\/\/www.iterculture.com\/fr\/wp-content\/uploads\/2025\/05\/pexels-umkreisel-app-957024-1-768x512.jpg 768w, https:\/\/www.iterculture.com\/fr\/wp-content\/uploads\/2025\/05\/pexels-umkreisel-app-957024-1-1536x1024.jpg 1536w, https:\/\/www.iterculture.com\/fr\/wp-content\/uploads\/2025\/05\/pexels-umkreisel-app-957024-1-2048x1365.jpg 2048w\" sizes=\"(max-width: 2560px) 100vw, 2560px\" \/><div class=\"wp-block-cover__inner-container\">\n<p class=\"has-text-align-center has-large-font-size\"><mark style=\"background-color:rgba(0, 0, 0, 0)\" class=\"has-inline-color has-theme-palette-9-color\"><strong>Les Nuits Blanches de la For\u00eat de Lyons reviennent en 2025<\/strong><\/mark><\/p>\n\n\n\n<div class=\"easyloisirs_module\" data-hash=\"6d3510e9dff86537715205e405deb20ce7316279\"><\/div>\n<\/div><\/div>\n\n\n\n<p>Nous sommes tr\u00e8s heureux de vous annoncer que, fort des beaux succ\u00e8s des \u00e9ditions 2023 et 2024, le Festival des Nuits Blanches de Lyons-la-For\u00eat fait son retour les trois premiers week-ends de septembre 2025. Au programme, trois soir\u00e9es musicales exceptionnelles, c\u00e9l\u00e9brant la musique classique et n\u00e9oclassique, dans le cadre enchanteur de la for\u00eat et de l\u2019Eglise, class\u00e9e Monument historique, de Lyons-la-For\u00eat. S\u2019y produiront des artistes de renomm\u00e9e internationale dont l\u2019\u00e9clectisme est le trait commun.<\/p>\n\n\n\n<h2 class=\"wp-block-heading\">Un programme d&rsquo;exception<\/h2>\n\n\n\n<p>Cette ann\u00e9e encore, les Nuits Blanches accueilleront des figures incontournables de la sc\u00e8ne musicale mondiale, pour une programmation \u00e0 la fois \u00e9mouvante et unique.<\/p>\n\n\n\n<h3 class=\"wp-block-heading\">samedi 20 septembre 2025 &#8211; 20h30 &#8211; Maki Namekawa<\/h3>\n\n\n\n<figure class=\"wp-block-image size-large is-resized\"><img decoding=\"async\" loading=\"lazy\" src=\"https:\/\/www.iterculture.com\/fr\/wp-content\/uploads\/2025\/06\/\u00a9-Andreas-H.-Bitesnich-1024x395.png\" alt=\"\" class=\"wp-image-1827\" width=\"1176\" height=\"454\" srcset=\"https:\/\/www.iterculture.com\/fr\/wp-content\/uploads\/2025\/06\/\u00a9-Andreas-H.-Bitesnich-1024x395.png 1024w, https:\/\/www.iterculture.com\/fr\/wp-content\/uploads\/2025\/06\/\u00a9-Andreas-H.-Bitesnich-300x116.png 300w, https:\/\/www.iterculture.com\/fr\/wp-content\/uploads\/2025\/06\/\u00a9-Andreas-H.-Bitesnich-768x296.png 768w, https:\/\/www.iterculture.com\/fr\/wp-content\/uploads\/2025\/06\/\u00a9-Andreas-H.-Bitesnich.png 1177w\" sizes=\"(max-width: 1176px) 100vw, 1176px\" \/><\/figure>\n\n\n\n<p>Le 20 septembre, la musique de Philip Glass sera de nouveau \u00e0 l\u2019honneur pour le troisi\u00e8me concert de ce Festival, sous les doigts virtuoses de Maki Namekawa. Pianiste japonaise exceptionnelle, elle est elle aussi une proche collaboratrice de Glass, qui \u00e9crivit sp\u00e9cialement pour elle sa premi\u00e8re&nbsp;<em>Sonate pour Piano<\/em>. Avec des tourn\u00e9es en Europe, aux \u00c9tats-Unis, au Japon et des concerts sur les plus grandes sc\u00e8nes mondiales, Maki Namekawa est sans aucun doute l\u2019une des figures de proue de la sc\u00e8ne pianistique internationale. Cette fois-ci, c\u2019est \u00e0 Lyons-la-For\u00eat qu\u2019elle fera r\u00e9sonner son talent.<\/p>\n\n\n\n<p>Programme : <br><em>20 Sonates pour Piano<\/em>, Philip Glass<\/p>\n\n\n\n<div class=\"easyloisirs_module\" data-hash=\"6d3510e9dff86537715205e405deb20ce7316279\"><\/div>\n\n\n\n<h2 class=\"wp-block-heading\">Au programme des concerts de piano : Philip Glass, l\u00e9gende de la musique n\u00e9oclassique<\/h2>\n\n\n\n<figure class=\"wp-block-image size-large is-resized\"><img decoding=\"async\" loading=\"lazy\" src=\"https:\/\/www.iterculture.com\/fr\/wp-content\/uploads\/2025\/08\/\u00a9-Alisa-Naremontti-1-1024x395.png\" alt=\"\" class=\"wp-image-1849\" width=\"1177\" height=\"454\" srcset=\"https:\/\/www.iterculture.com\/fr\/wp-content\/uploads\/2025\/08\/\u00a9-Alisa-Naremontti-1-1024x395.png 1024w, https:\/\/www.iterculture.com\/fr\/wp-content\/uploads\/2025\/08\/\u00a9-Alisa-Naremontti-1-300x116.png 300w, https:\/\/www.iterculture.com\/fr\/wp-content\/uploads\/2025\/08\/\u00a9-Alisa-Naremontti-1-768x296.png 768w, https:\/\/www.iterculture.com\/fr\/wp-content\/uploads\/2025\/08\/\u00a9-Alisa-Naremontti-1.png 1177w\" sizes=\"(max-width: 1177px) 100vw, 1177px\" \/><\/figure>\n\n\n\n<p>L\u2019\u00e9dition 2025 des Nuits Blanches mettra particuli\u00e8rement \u00e0 l\u2019honneur le r\u00e9pertoire d\u2019un g\u00e9ant de la musique n\u00e9oclassique, Philip Glass. Pionnier et figure embl\u00e9matique du minimalisme, compositeur vivant d\u2019op\u00e9ra le plus jou\u00e9 au monde, Glass a su d\u00e9passer les fronti\u00e8res pour toucher un public international et s\u2019imposer comme l\u2019un des compositeurs les plus influents du XX\u00e8me si\u00e8cle.<\/p>\n\n\n\n<p>Ses \u0153uvres, tant pour la sc\u00e8ne que pour les concerts symphoniques et le cin\u00e9ma (<em>The Truman Show<\/em>,&nbsp;<em>Stranger Things..<\/em>), ont marqu\u00e9 de mani\u00e8re ind\u00e9l\u00e9bile la culture musicale contemporaine.<\/p>\n\n\n\n<h3 class=\"wp-block-heading\">samedi &nbsp;6 septembre 2025 &#8211; 20h30 &#8211; Au coeur de la for\u00eat, l\u2019op\u00e9ra de Rouen et la jeune cheffe isra\u00e9lienne Keren Kagarlitsky <\/h3>\n\n\n\n<figure class=\"wp-block-image size-large is-resized\"><img decoding=\"async\" loading=\"lazy\" src=\"https:\/\/www.iterculture.com\/fr\/wp-content\/uploads\/2025\/08\/\u00a9-HILDE-VAN-MAS--1024x395.png\" alt=\"\" class=\"wp-image-1844\" width=\"1179\" height=\"455\" srcset=\"https:\/\/www.iterculture.com\/fr\/wp-content\/uploads\/2025\/08\/\u00a9-HILDE-VAN-MAS--1024x395.png 1024w, https:\/\/www.iterculture.com\/fr\/wp-content\/uploads\/2025\/08\/\u00a9-HILDE-VAN-MAS--300x116.png 300w, https:\/\/www.iterculture.com\/fr\/wp-content\/uploads\/2025\/08\/\u00a9-HILDE-VAN-MAS--768x296.png 768w, https:\/\/www.iterculture.com\/fr\/wp-content\/uploads\/2025\/08\/\u00a9-HILDE-VAN-MAS-.png 1177w\" sizes=\"(max-width: 1179px) 100vw, 1179px\" \/><\/figure>\n\n\n\n<p>A la tomb\u00e9e de la nuit, sous les cimes majestueuses des arbres de la For\u00eat de Lyons, l\u2019Op\u00e9ra de Rouen nous fera l\u2019honneur d\u2019ouvrir le bal, au soir du 6 septembre. Keren Kagarlitsky, jeune cheffe d\u2019orchestre dirigera de sa baguette experte deux solistes et quarante musiciens. De l\u2019Orchestre philharmonique de la BBC au Volksoper de Vienne, en passant par une myriade de grands orchestres \u00e0 l\u2019international, elle a su s\u2019imposer sur la sc\u00e8ne mondiale aux c\u00f4t\u00e9s des ensembles les plus prestigieux. Dans le cadre spectaculaire de la plus grande h\u00eatraie de France, son talent prometteur laisse pr\u00e9sager une exp\u00e9rience musicale m\u00e9morable.<br><br>Solistes : Teona Kharadze, Agathe Blondel<br><br>Programme : <br><em>&#8211; Pi\u00e8ces pour Cordes seules \u00e0 l&rsquo;\u00e9tude, <\/em>Maya Brener<em><br>&#8211; Symphonie concertante K.364 en mib majeur pour violon et alto, <\/em>W-A Mozart<br>&#8211; <em>Symphonie n\u00b03 D 200 in D major<\/em>, Franz Schubert<br><br><em><em>L\u2019Op\u00e9ra Orchestre Normandie Rouen, Th\u00e9\u00e2tre lyrique d\u2019int\u00e9r\u00eat national, est subventionn\u00e9 par la R\u00e9gion Normandie, la M\u00e9tropole Rouen Normandie et le Minist\u00e8re de la Culture DRAC Normandie.<\/em><\/em><\/p>\n\n\n\n<div class=\"easyloisirs_module\" data-hash=\"6d3510e9dff86537715205e405deb20ce7316279\"><\/div>\n\n\n\n<p><\/p>\n\n\n\n<h3 class=\"wp-block-heading\">samedi 13 septembre 2025 &#8211; 20h30 &#8211; Anton Batagov<\/h3>\n\n\n\n<figure class=\"wp-block-image size-large is-resized\"><img decoding=\"async\" loading=\"lazy\" src=\"https:\/\/www.iterculture.com\/fr\/wp-content\/uploads\/2025\/08\/\u00a9-Ira-Polyarnaya-1-1024x395.png\" alt=\"\" class=\"wp-image-1842\" width=\"1178\" height=\"454\" srcset=\"https:\/\/www.iterculture.com\/fr\/wp-content\/uploads\/2025\/08\/\u00a9-Ira-Polyarnaya-1-1024x395.png 1024w, https:\/\/www.iterculture.com\/fr\/wp-content\/uploads\/2025\/08\/\u00a9-Ira-Polyarnaya-1-300x116.png 300w, https:\/\/www.iterculture.com\/fr\/wp-content\/uploads\/2025\/08\/\u00a9-Ira-Polyarnaya-1-768x296.png 768w, https:\/\/www.iterculture.com\/fr\/wp-content\/uploads\/2025\/08\/\u00a9-Ira-Polyarnaya-1.png 1177w\" sizes=\"(max-width: 1178px) 100vw, 1178px\" \/><\/figure>\n\n\n\n<p>Le samedi 13 septembre, c\u2019est le pianiste minimaliste de renomm\u00e9e internationale Anton Batagov qui traversera l\u2019Atlantique pour venir, depuis New-York, se produire \u00e0 Lyons-la-For\u00eat. \u00c0 la fois interpr\u00e8te hors pair et cr\u00e9ateur visionnaire du style classique minimaliste, il est consid\u00e9r\u00e9 par beaucoup comme l\u2019une des figures les plus marquantes et les plus singuli\u00e8res de la musique contemporaine slave. Avec plus de 60 albums \u00e0 son actif et une carri\u00e8re marqu\u00e9e par des performances dans les plus prestigieuses salles du monde, de la Philharmonie de Berlin au Brooklyn Academy of Music (New-York), Anton Batagov promet une soir\u00e9e inoubliable o\u00f9 il interpr\u00e8tera les \u0153uvres aussi touchantes qu\u2019envo\u00fbtantes de son ami Philip Glass, ma\u00eetre incontest\u00e9 de la mouvance n\u00e9oclassique.&nbsp;<\/p>\n\n\n\n<p>Programme : <br><em>Prophecies<\/em>, Philip Glass<\/p>\n\n\n\n<div class=\"easyloisirs_module\" data-hash=\"6d3510e9dff86537715205e405deb20ce7316279\"><\/div>\n","protected":false},"excerpt":{"rendered":"<p>Nous sommes tr\u00e8s heureux de vous annoncer que, fort des beaux succ\u00e8s des \u00e9ditions 2023 et 2024, le Festival des Nuits Blanches de Lyons-la-For\u00eat fait son retour les trois premiers week-ends de septembre 2025. Au programme, trois soir\u00e9es musicales exceptionnelles, c\u00e9l\u00e9brant la musique classique et n\u00e9oclassique, dans le cadre enchanteur de la for\u00eat et de&#8230;<\/p>\n","protected":false},"author":6,"featured_media":0,"parent":0,"menu_order":0,"comment_status":"closed","ping_status":"closed","template":"","meta":{"_kadence_starter_templates_imported_post":false,"_kad_post_transparent":"","_kad_post_title":"","_kad_post_layout":"","_kad_post_sidebar_id":"","_kad_post_content_style":"default","_kad_post_vertical_padding":"","_kad_post_feature":"","_kad_post_feature_position":"","_kad_post_header":false,"_kad_post_footer":false},"yoast_head":"<!-- This site is optimized with the Yoast SEO plugin v20.10 - https:\/\/yoast.com\/wordpress\/plugins\/seo\/ -->\n<title>Nuits blanches - Edition 2025 - Iterculture.com<\/title>\n<meta name=\"robots\" content=\"index, follow, max-snippet:-1, max-image-preview:large, max-video-preview:-1\" \/>\n<link rel=\"canonical\" href=\"https:\/\/www.iterculture.com\/fr\/\" \/>\n<meta property=\"og:locale\" content=\"fr_FR\" \/>\n<meta property=\"og:type\" content=\"article\" \/>\n<meta property=\"og:title\" content=\"Nuits blanches - Edition 2025 - Iterculture.com\" \/>\n<meta property=\"og:description\" content=\"Nous sommes tr\u00e8s heureux de vous annoncer que, fort des beaux succ\u00e8s des \u00e9ditions 2023 et 2024, le Festival des Nuits Blanches de Lyons-la-For\u00eat fait son retour les trois premiers week-ends de septembre 2025. Au programme, trois soir\u00e9es musicales exceptionnelles, c\u00e9l\u00e9brant la musique classique et n\u00e9oclassique, dans le cadre enchanteur de la for\u00eat et de...\" \/>\n<meta property=\"og:url\" content=\"https:\/\/www.iterculture.com\/fr\/\" \/>\n<meta property=\"og:site_name\" content=\"Iterculture.com\" \/>\n<meta property=\"article:modified_time\" content=\"2025-09-15T08:47:01+00:00\" \/>\n<meta property=\"og:image\" content=\"https:\/\/www.iterculture.com\/fr\/wp-content\/uploads\/2025\/05\/pexels-umkreisel-app-957024-1-scaled.jpg\" \/>\n<meta name=\"twitter:card\" content=\"summary_large_image\" \/>\n<meta name=\"twitter:label1\" content=\"Dur\u00e9e de lecture estim\u00e9e\" \/>\n\t<meta name=\"twitter:data1\" content=\"5 minutes\" \/>\n<script type=\"application\/ld+json\" class=\"yoast-schema-graph\">{\"@context\":\"https:\/\/schema.org\",\"@graph\":[{\"@type\":\"WebPage\",\"@id\":\"https:\/\/www.iterculture.com\/fr\/\",\"url\":\"https:\/\/www.iterculture.com\/fr\/\",\"name\":\"Nuits blanches - Edition 2025 - Iterculture.com\",\"isPartOf\":{\"@id\":\"https:\/\/www.iterculture.com\/fr\/#website\"},\"datePublished\":\"2025-05-20T07:54:17+00:00\",\"dateModified\":\"2025-09-15T08:47:01+00:00\",\"breadcrumb\":{\"@id\":\"https:\/\/www.iterculture.com\/fr\/#breadcrumb\"},\"inLanguage\":\"fr-FR\",\"potentialAction\":[{\"@type\":\"ReadAction\",\"target\":[\"https:\/\/www.iterculture.com\/fr\/\"]}]},{\"@type\":\"BreadcrumbList\",\"@id\":\"https:\/\/www.iterculture.com\/fr\/#breadcrumb\",\"itemListElement\":[{\"@type\":\"ListItem\",\"position\":1,\"name\":\"Accueil\",\"item\":\"https:\/\/www.iterculture.com\/fr\/\"},{\"@type\":\"ListItem\",\"position\":2,\"name\":\"Nuits blanches &#8211; Edition 2025\"}]},{\"@type\":\"WebSite\",\"@id\":\"https:\/\/www.iterculture.com\/fr\/#website\",\"url\":\"https:\/\/www.iterculture.com\/fr\/\",\"name\":\"Iterculture.com\",\"description\":\"Un festival de musique classique et n\u00e9oclassique en for\u00eat\",\"publisher\":{\"@id\":\"https:\/\/www.iterculture.com\/fr\/#organization\"},\"potentialAction\":[{\"@type\":\"SearchAction\",\"target\":{\"@type\":\"EntryPoint\",\"urlTemplate\":\"https:\/\/www.iterculture.com\/fr\/?s={search_term_string}\"},\"query-input\":\"required name=search_term_string\"}],\"inLanguage\":\"fr-FR\"},{\"@type\":\"Organization\",\"@id\":\"https:\/\/www.iterculture.com\/fr\/#organization\",\"name\":\"Iterculture.com\",\"url\":\"https:\/\/www.iterculture.com\/fr\/\",\"logo\":{\"@type\":\"ImageObject\",\"inLanguage\":\"fr-FR\",\"@id\":\"https:\/\/www.iterculture.com\/fr\/#\/schema\/logo\/image\/\",\"url\":\"https:\/\/www.iterculture.com\/fr\/wp-content\/uploads\/2025\/05\/cropped-Capture_d_ecran_2025-05-13_142717-removebg-preview-1.png\",\"contentUrl\":\"https:\/\/www.iterculture.com\/fr\/wp-content\/uploads\/2025\/05\/cropped-Capture_d_ecran_2025-05-13_142717-removebg-preview-1.png\",\"width\":757,\"height\":319,\"caption\":\"Iterculture.com\"},\"image\":{\"@id\":\"https:\/\/www.iterculture.com\/fr\/#\/schema\/logo\/image\/\"}}]}<\/script>\n<!-- \/ Yoast SEO plugin. -->","yoast_head_json":{"title":"Nuits blanches - Edition 2025 - Iterculture.com","robots":{"index":"index","follow":"follow","max-snippet":"max-snippet:-1","max-image-preview":"max-image-preview:large","max-video-preview":"max-video-preview:-1"},"canonical":"https:\/\/www.iterculture.com\/fr\/","og_locale":"fr_FR","og_type":"article","og_title":"Nuits blanches - Edition 2025 - Iterculture.com","og_description":"Nous sommes tr\u00e8s heureux de vous annoncer que, fort des beaux succ\u00e8s des \u00e9ditions 2023 et 2024, le Festival des Nuits Blanches de Lyons-la-For\u00eat fait son retour les trois premiers week-ends de septembre 2025. Au programme, trois soir\u00e9es musicales exceptionnelles, c\u00e9l\u00e9brant la musique classique et n\u00e9oclassique, dans le cadre enchanteur de la for\u00eat et de...","og_url":"https:\/\/www.iterculture.com\/fr\/","og_site_name":"Iterculture.com","article_modified_time":"2025-09-15T08:47:01+00:00","og_image":[{"url":"https:\/\/www.iterculture.com\/fr\/wp-content\/uploads\/2025\/05\/pexels-umkreisel-app-957024-1-scaled.jpg"}],"twitter_card":"summary_large_image","twitter_misc":{"Dur\u00e9e de lecture estim\u00e9e":"5 minutes"},"schema":{"@context":"https:\/\/schema.org","@graph":[{"@type":"WebPage","@id":"https:\/\/www.iterculture.com\/fr\/","url":"https:\/\/www.iterculture.com\/fr\/","name":"Nuits blanches - Edition 2025 - Iterculture.com","isPartOf":{"@id":"https:\/\/www.iterculture.com\/fr\/#website"},"datePublished":"2025-05-20T07:54:17+00:00","dateModified":"2025-09-15T08:47:01+00:00","breadcrumb":{"@id":"https:\/\/www.iterculture.com\/fr\/#breadcrumb"},"inLanguage":"fr-FR","potentialAction":[{"@type":"ReadAction","target":["https:\/\/www.iterculture.com\/fr\/"]}]},{"@type":"BreadcrumbList","@id":"https:\/\/www.iterculture.com\/fr\/#breadcrumb","itemListElement":[{"@type":"ListItem","position":1,"name":"Accueil","item":"https:\/\/www.iterculture.com\/fr\/"},{"@type":"ListItem","position":2,"name":"Nuits blanches &#8211; Edition 2025"}]},{"@type":"WebSite","@id":"https:\/\/www.iterculture.com\/fr\/#website","url":"https:\/\/www.iterculture.com\/fr\/","name":"Iterculture.com","description":"Un festival de musique classique et n\u00e9oclassique en for\u00eat","publisher":{"@id":"https:\/\/www.iterculture.com\/fr\/#organization"},"potentialAction":[{"@type":"SearchAction","target":{"@type":"EntryPoint","urlTemplate":"https:\/\/www.iterculture.com\/fr\/?s={search_term_string}"},"query-input":"required name=search_term_string"}],"inLanguage":"fr-FR"},{"@type":"Organization","@id":"https:\/\/www.iterculture.com\/fr\/#organization","name":"Iterculture.com","url":"https:\/\/www.iterculture.com\/fr\/","logo":{"@type":"ImageObject","inLanguage":"fr-FR","@id":"https:\/\/www.iterculture.com\/fr\/#\/schema\/logo\/image\/","url":"https:\/\/www.iterculture.com\/fr\/wp-content\/uploads\/2025\/05\/cropped-Capture_d_ecran_2025-05-13_142717-removebg-preview-1.png","contentUrl":"https:\/\/www.iterculture.com\/fr\/wp-content\/uploads\/2025\/05\/cropped-Capture_d_ecran_2025-05-13_142717-removebg-preview-1.png","width":757,"height":319,"caption":"Iterculture.com"},"image":{"@id":"https:\/\/www.iterculture.com\/fr\/#\/schema\/logo\/image\/"}}]}},"_links":{"self":[{"href":"https:\/\/www.iterculture.com\/fr\/wp-json\/wp\/v2\/pages\/1793"}],"collection":[{"href":"https:\/\/www.iterculture.com\/fr\/wp-json\/wp\/v2\/pages"}],"about":[{"href":"https:\/\/www.iterculture.com\/fr\/wp-json\/wp\/v2\/types\/page"}],"author":[{"embeddable":true,"href":"https:\/\/www.iterculture.com\/fr\/wp-json\/wp\/v2\/users\/6"}],"replies":[{"embeddable":true,"href":"https:\/\/www.iterculture.com\/fr\/wp-json\/wp\/v2\/comments?post=1793"}],"version-history":[{"count":19,"href":"https:\/\/www.iterculture.com\/fr\/wp-json\/wp\/v2\/pages\/1793\/revisions"}],"predecessor-version":[{"id":1854,"href":"https:\/\/www.iterculture.com\/fr\/wp-json\/wp\/v2\/pages\/1793\/revisions\/1854"}],"wp:attachment":[{"href":"https:\/\/www.iterculture.com\/fr\/wp-json\/wp\/v2\/media?parent=1793"}],"curies":[{"name":"wp","href":"https:\/\/api.w.org\/{rel}","templated":true}]}}